{"id":52727,"date":"2014-02-24T00:00:00","date_gmt":"2014-02-23T23:00:00","guid":{"rendered":"https:\/\/mcx.sunlab.eu\/product\/profi-truhencase-120x80x70-bxtxh-deckel-abnehmbar-auf-rollen\/"},"modified":"2026-03-25T14:43:29","modified_gmt":"2026-03-25T13:43:29","slug":"profi-truhencase-120x80x70-bxtxh-deckel-abnehmbar-auf-rollen","status":"publish","type":"product","link":"https:\/\/megacase.com\/de\/produkt\/profi-truhencase-120x80x70-bxtxh-deckel-abnehmbar-auf-rollen\/","title":{"rendered":"Profi Truhencase 120x80x70 BxTxH Deckel abnehmbar auf Rollen"},"content":{"rendered":"<p>ma\u00dfgefertigtes Profi Truhencase auf Rollen (2x gebremst)<br \/>\nmit 4 gefederten Butterfly-Verschl\u00fc\u00dfen,<br \/>\n4 Klappgriffen,<br \/>\nStahlkugelecken,<br \/>\nhergestell in Deutschland<br \/>\nInnen\u00dfame 120x80x70cm BxTxH<\/p>\n","protected":false},"excerpt":{"rendered":"<p>ma\u00dfgefertigtes Profi Truhencase auf Rollen (2x gebremst) mit 4 gefederten Butterfly-Verschl\u00fc\u00dfen, 4 Klappgriffen, Stahlkugelecken, hergestell in Deutschland Innen\u00dfame 120x80x70cm BxTxH<\/p>\n","protected":false},"featured_media":25921,"template":"","meta":{"_acf_changed":false},"product_brand":[],"product_cat":[13509],"product_tag":[],"class_list":{"0":"post-52727","1":"product","2":"type-product","3":"status-publish","4":"has-post-thumbnail","6":"product_cat-truhen-cases","8":"first","9":"instock","10":"taxable","11":"shipping-taxable","12":"purchasable","13":"product-type-simple"},"acf":[],"_links":{"self":[{"href":"https:\/\/megacase.com\/de\/wp-json\/wp\/v2\/product\/52727","targetHints":{"allow":["GET"]}}],"collection":[{"href":"https:\/\/megacase.com\/de\/wp-json\/wp\/v2\/product"}],"about":[{"href":"https:\/\/megacase.com\/de\/wp-json\/wp\/v2\/types\/product"}],"wp:featuredmedia":[{"embeddable":true,"href":"https:\/\/megacase.com\/de\/wp-json\/wp\/v2\/media\/25921"}],"wp:attachment":[{"href":"https:\/\/megacase.com\/de\/wp-json\/wp\/v2\/media?parent=52727"}],"wp:term":[{"taxonomy":"product_brand","embeddable":true,"href":"https:\/\/megacase.com\/de\/wp-json\/wp\/v2\/product_brand?post=52727"},{"taxonomy":"product_cat","embeddable":true,"href":"https:\/\/megacase.com\/de\/wp-json\/wp\/v2\/product_cat?post=52727"},{"taxonomy":"product_tag","embeddable":true,"href":"https:\/\/megacase.com\/de\/wp-json\/wp\/v2\/product_tag?post=52727"}],"curies":[{"name":"wp","href":"https:\/\/api.w.org\/{rel}","templated":true}]}}