{"id":52726,"date":"2014-02-20T00:00:00","date_gmt":"2014-02-19T23:00:00","guid":{"rendered":"https:\/\/mcx.sunlab.eu\/product\/1he-eco-rack-130mm-einbautiefe\/"},"modified":"2026-03-25T14:43:30","modified_gmt":"2026-03-25T13:43:30","slug":"1he-eco-rack-130mm-einbautiefe","status":"publish","type":"product","link":"https:\/\/megacase.com\/de\/produkt\/1he-eco-rack-130mm-einbautiefe\/","title":{"rendered":"1HE Eco Rack 130mm Einbautiefe"},"content":{"rendered":"<p>7mm Birkenmultiplex,<br \/>\n22 x 22mm Alukante,<br \/>\nRackschiene inkl. Befestigungsmaterial vorne,<br \/>\n4 Clipverschl\u00fc\u00dfe,<br \/>\nKoffergriff auf dem Deckel,<br \/>\n1HE Einbauh\u00f6he,<br \/>\n130mm Einbautiefe ab Rachschiene,<br \/>\nhergestellt in Deutschland,<br \/>\nAu\u00dfenma\u00dfe BxTxH ca. 530x260x82mm,<br \/>\nGewicht ca. 3,3kg<\/p>\n","protected":false},"excerpt":{"rendered":"<p>7mm Birkenmultiplex, 22 x 22mm Alukante, Rackschiene inkl. Befestigungsmaterial vorne, 4 Clipverschl\u00fc\u00dfe, Koffergriff auf dem Deckel, 1HE Einbauh\u00f6he, 130mm Einbautiefe<\/p>\n","protected":false},"featured_media":25923,"template":"","meta":{"_acf_changed":false},"product_brand":[],"product_cat":[13510],"product_tag":[],"class_list":{"0":"post-52726","1":"product","2":"type-product","3":"status-publish","4":"has-post-thumbnail","6":"product_cat-racks","8":"first","9":"instock","10":"taxable","11":"shipping-taxable","12":"purchasable","13":"product-type-simple"},"acf":[],"_links":{"self":[{"href":"https:\/\/megacase.com\/de\/wp-json\/wp\/v2\/product\/52726","targetHints":{"allow":["GET"]}}],"collection":[{"href":"https:\/\/megacase.com\/de\/wp-json\/wp\/v2\/product"}],"about":[{"href":"https:\/\/megacase.com\/de\/wp-json\/wp\/v2\/types\/product"}],"wp:featuredmedia":[{"embeddable":true,"href":"https:\/\/megacase.com\/de\/wp-json\/wp\/v2\/media\/25923"}],"wp:attachment":[{"href":"https:\/\/megacase.com\/de\/wp-json\/wp\/v2\/media?parent=52726"}],"wp:term":[{"taxonomy":"product_brand","embeddable":true,"href":"https:\/\/megacase.com\/de\/wp-json\/wp\/v2\/product_brand?post=52726"},{"taxonomy":"product_cat","embeddable":true,"href":"https:\/\/megacase.com\/de\/wp-json\/wp\/v2\/product_cat?post=52726"},{"taxonomy":"product_tag","embeddable":true,"href":"https:\/\/megacase.com\/de\/wp-json\/wp\/v2\/product_tag?post=52726"}],"curies":[{"name":"wp","href":"https:\/\/api.w.org\/{rel}","templated":true}]}}