{"id":52725,"date":"2014-02-20T00:00:00","date_gmt":"2014-02-19T23:00:00","guid":{"rendered":"https:\/\/mcx.sunlab.eu\/product\/transportcase-schwarz-fuer-iiyama-prolite-t2735msc-display\/"},"modified":"2026-03-25T14:43:29","modified_gmt":"2026-03-25T13:43:29","slug":"transportcase-schwarz-fuer-iiyama-prolite-t2735msc-display","status":"publish","type":"product","link":"https:\/\/megacase.com\/de\/produkt\/transportcase-schwarz-fuer-iiyama-prolite-t2735msc-display\/","title":{"rendered":"Transportcase schwarz f\u00fcr Iiyama ProLite T2735MSC Display"},"content":{"rendered":"<p>ma\u00dfgefertigtes Koffercase f\u00fcr Iiyama ProLite T2735MSC Display,<br \/>\naus 7mm Birkenmultiplex schwarz,<br \/>\n30 x 30mm Alukante,<br \/>\nSchaumstoffpolsterung,<br \/>\n2 gefederte Butterfly-Verschl\u00fc\u00dfe medium,<br \/>\n3 Klappgriffe,<br \/>\nStahlkugelecken,<br \/>\nDeckelscharniere,<br \/>\nTrollygriff abnehmbar,<br \/>\nhergestellt in Deutschland<\/p>\n","protected":false},"excerpt":{"rendered":"<p>ma\u00dfgefertigtes Koffercase f\u00fcr Iiyama ProLite T2735MSC Display, aus 7mm Birkenmultiplex schwarz, 30 x 30mm Alukante, Schaumstoffpolsterung, 2 gefederte Butterfly-Verschl\u00fc\u00dfe medium,<\/p>\n","protected":false},"featured_media":25925,"template":"","meta":{"_acf_changed":false},"product_brand":[],"product_cat":[13501],"product_tag":[],"class_list":{"0":"post-52725","1":"product","2":"type-product","3":"status-publish","4":"has-post-thumbnail","6":"product_cat-plasma-cases","8":"first","9":"instock","10":"taxable","11":"shipping-taxable","12":"purchasable","13":"product-type-simple"},"acf":[],"_links":{"self":[{"href":"https:\/\/megacase.com\/de\/wp-json\/wp\/v2\/product\/52725","targetHints":{"allow":["GET"]}}],"collection":[{"href":"https:\/\/megacase.com\/de\/wp-json\/wp\/v2\/product"}],"about":[{"href":"https:\/\/megacase.com\/de\/wp-json\/wp\/v2\/types\/product"}],"wp:featuredmedia":[{"embeddable":true,"href":"https:\/\/megacase.com\/de\/wp-json\/wp\/v2\/media\/25925"}],"wp:attachment":[{"href":"https:\/\/megacase.com\/de\/wp-json\/wp\/v2\/media?parent=52725"}],"wp:term":[{"taxonomy":"product_brand","embeddable":true,"href":"https:\/\/megacase.com\/de\/wp-json\/wp\/v2\/product_brand?post=52725"},{"taxonomy":"product_cat","embeddable":true,"href":"https:\/\/megacase.com\/de\/wp-json\/wp\/v2\/product_cat?post=52725"},{"taxonomy":"product_tag","embeddable":true,"href":"https:\/\/megacase.com\/de\/wp-json\/wp\/v2\/product_tag?post=52725"}],"curies":[{"name":"wp","href":"https:\/\/api.w.org\/{rel}","templated":true}]}}