{"id":52717,"date":"2014-01-21T00:00:00","date_gmt":"2014-01-20T23:00:00","guid":{"rendered":"https:\/\/mcx.sunlab.eu\/product\/truhen-case-mit-trennung-fuer-pc-2x-beamer-und-zubehoer-auf-rollen\/"},"modified":"2026-03-25T14:43:30","modified_gmt":"2026-03-25T13:43:30","slug":"truhen-case-mit-trennung-fuer-pc-2x-beamer-und-zubehoer-auf-rollen","status":"publish","type":"product","link":"https:\/\/megacase.com\/de\/produkt\/truhen-case-mit-trennung-fuer-pc-2x-beamer-und-zubehoer-auf-rollen\/","title":{"rendered":"Truhen Case mit Trennung f\u00fcr PC 2x Beamer und Zubeh\u00f6r auf Rollen"},"content":{"rendered":"<p>Flightcase 7mm Birkenmultiplex phenolharzbeschichtet,<br \/>\n30x30mm Alukante,<br \/>\n2 gefederte Butterfly-Verschl\u00fc\u00dfe medium,<br \/>\n4 Klappgriffe,<br \/>\nStahlkugelecken,<br \/>\nHolztrennwand 1cm Schaumstoffpolsterung,<br \/>\nzus\u00e4tzlich Schaumstoffpolsterung f\u00fcr die Beamer,<br \/>\nhergestellt in Deutschland<br \/>\nAu\u00dfenma\u00dfe: BxTxH  905x535x680 mm  Gewicht: 25,6 kg<\/p>\n","protected":false},"excerpt":{"rendered":"<p>Flightcase 7mm Birkenmultiplex phenolharzbeschichtet, 30x30mm Alukante, 2 gefederte Butterfly-Verschl\u00fc\u00dfe medium, 4 Klappgriffe, Stahlkugelecken, Holztrennwand 1cm Schaumstoffpolsterung, zus\u00e4tzlich Schaumstoffpolsterung f\u00fcr die<\/p>\n","protected":false},"featured_media":92146,"template":"","meta":{"_acf_changed":false},"product_brand":[],"product_cat":[13509,13553,13492],"product_tag":[13930],"class_list":{"0":"post-52717","1":"product","2":"type-product","3":"status-publish","4":"has-post-thumbnail","6":"product_cat-truhen-cases","7":"product_cat-beamercases-und-zubehoer-koffer","8":"product_cat-anwendungsgebiete","9":"product_tag-beamer","11":"first","12":"instock","13":"taxable","14":"shipping-taxable","15":"purchasable","16":"product-type-simple"},"acf":[],"_links":{"self":[{"href":"https:\/\/megacase.com\/de\/wp-json\/wp\/v2\/product\/52717","targetHints":{"allow":["GET"]}}],"collection":[{"href":"https:\/\/megacase.com\/de\/wp-json\/wp\/v2\/product"}],"about":[{"href":"https:\/\/megacase.com\/de\/wp-json\/wp\/v2\/types\/product"}],"wp:featuredmedia":[{"embeddable":true,"href":"https:\/\/megacase.com\/de\/wp-json\/wp\/v2\/media\/92146"}],"wp:attachment":[{"href":"https:\/\/megacase.com\/de\/wp-json\/wp\/v2\/media?parent=52717"}],"wp:term":[{"taxonomy":"product_brand","embeddable":true,"href":"https:\/\/megacase.com\/de\/wp-json\/wp\/v2\/product_brand?post=52717"},{"taxonomy":"product_cat","embeddable":true,"href":"https:\/\/megacase.com\/de\/wp-json\/wp\/v2\/product_cat?post=52717"},{"taxonomy":"product_tag","embeddable":true,"href":"https:\/\/megacase.com\/de\/wp-json\/wp\/v2\/product_tag?post=52717"}],"curies":[{"name":"wp","href":"https:\/\/api.w.org\/{rel}","templated":true}]}}