{"id":52716,"date":"2014-01-16T00:00:00","date_gmt":"2014-01-15T23:00:00","guid":{"rendered":"https:\/\/mcx.sunlab.eu\/product\/koffer-case-blau-mit-inlay-fuer-5-x-ipad-air-zubehoerfach-schnappschloesser\/"},"modified":"2026-03-25T14:43:31","modified_gmt":"2026-03-25T13:43:31","slug":"koffer-case-blau-mit-inlay-fuer-5-x-ipad-air-zubehoerfach-schnappschloesser","status":"publish","type":"product","link":"https:\/\/megacase.com\/de\/produkt\/koffer-case-blau-mit-inlay-fuer-5-x-ipad-air-zubehoerfach-schnappschloesser\/","title":{"rendered":"Koffer-Case blau mit Inlay f\u00fcr 5 x iPad Air + Zubeh\u00f6rfach Schnappschl\u00f6sser"},"content":{"rendered":"<p>Ma\u00dfgefertigtes Koffercase f\u00fcr 5 ipad Air mit gepolstertem Zubeh\u00f6rfach rechts<br \/>\n7mm Birkenmultiplex blau beschichtet,<br \/>\n25x25mm Alukante,<br \/>\n2x Schnappschloss,<br \/>\n1x Geweberiemengriff,<br \/>\n2x Feststellscharnier<br \/>\nStahlkugelecken,<br \/>\ngefr\u00e4\u00dftes Schaumstoffinlay.<br \/>\nHergestellt in Deutschland<\/p>\n","protected":false},"excerpt":{"rendered":"<p>Ma\u00dfgefertigtes Koffercase f\u00fcr 5 ipad Air mit gepolstertem Zubeh\u00f6rfach rechts 7mm Birkenmultiplex blau beschichtet, 25x25mm Alukante, 2x Schnappschloss, 1x Geweberiemengriff,<\/p>\n","protected":false},"featured_media":25984,"template":"","meta":{"_acf_changed":false},"product_brand":[],"product_cat":[13504],"product_tag":[],"class_list":{"0":"post-52716","1":"product","2":"type-product","3":"status-publish","4":"has-post-thumbnail","6":"product_cat-koffer-cases","8":"first","9":"instock","10":"taxable","11":"shipping-taxable","12":"purchasable","13":"product-type-simple"},"acf":[],"_links":{"self":[{"href":"https:\/\/megacase.com\/de\/wp-json\/wp\/v2\/product\/52716","targetHints":{"allow":["GET"]}}],"collection":[{"href":"https:\/\/megacase.com\/de\/wp-json\/wp\/v2\/product"}],"about":[{"href":"https:\/\/megacase.com\/de\/wp-json\/wp\/v2\/types\/product"}],"wp:featuredmedia":[{"embeddable":true,"href":"https:\/\/megacase.com\/de\/wp-json\/wp\/v2\/media\/25984"}],"wp:attachment":[{"href":"https:\/\/megacase.com\/de\/wp-json\/wp\/v2\/media?parent=52716"}],"wp:term":[{"taxonomy":"product_brand","embeddable":true,"href":"https:\/\/megacase.com\/de\/wp-json\/wp\/v2\/product_brand?post=52716"},{"taxonomy":"product_cat","embeddable":true,"href":"https:\/\/megacase.com\/de\/wp-json\/wp\/v2\/product_cat?post=52716"},{"taxonomy":"product_tag","embeddable":true,"href":"https:\/\/megacase.com\/de\/wp-json\/wp\/v2\/product_tag?post=52716"}],"curies":[{"name":"wp","href":"https:\/\/api.w.org\/{rel}","templated":true}]}}