{"id":52712,"date":"2013-07-25T00:00:00","date_gmt":"2013-07-24T22:00:00","guid":{"rendered":"https:\/\/mcx.sunlab.eu\/product\/mixercase-soundcraft-epm-6\/"},"modified":"2026-03-25T14:43:31","modified_gmt":"2026-03-25T13:43:31","slug":"mixercase-soundcraft-epm-6","status":"publish","type":"product","link":"https:\/\/megacase.com\/de\/produkt\/mixercase-soundcraft-epm-6\/","title":{"rendered":"Mixercase Soundcraft EPM-6"},"content":{"rendered":"<p>ma\u00dfgefertigtes Haubencase f\u00fcr Soundcraft EPM 6  aus 7mm Birkenmultiplex,<br \/>\n25 x 25mm ALukante,<br \/>\nSchaumstoffpolsterung,<br \/>\n2 gefederte Butterfly-Verschl\u00fc\u00dfe medium,<br \/>\n1 Koffergriff,<br \/>\nStahlkugelecken,<br \/>\nGummif\u00fc\u00dfe,<br \/>\nhergestellt in Deutschland<\/p>\n","protected":false},"excerpt":{"rendered":"<p>ma\u00dfgefertigtes Haubencase f\u00fcr Soundcraft EPM 6 aus 7mm Birkenmultiplex, 25 x 25mm ALukante, Schaumstoffpolsterung, 2 gefederte Butterfly-Verschl\u00fc\u00dfe medium, 1 Koffergriff,<\/p>\n","protected":false},"featured_media":26893,"template":"","meta":{"_acf_changed":false},"product_brand":[],"product_cat":[13493],"product_tag":[],"class_list":{"0":"post-52712","1":"product","2":"type-product","3":"status-publish","4":"has-post-thumbnail","6":"product_cat-dj-equipment-cases","8":"first","9":"instock","10":"taxable","11":"shipping-taxable","12":"purchasable","13":"product-type-simple"},"acf":[],"_links":{"self":[{"href":"https:\/\/megacase.com\/de\/wp-json\/wp\/v2\/product\/52712","targetHints":{"allow":["GET"]}}],"collection":[{"href":"https:\/\/megacase.com\/de\/wp-json\/wp\/v2\/product"}],"about":[{"href":"https:\/\/megacase.com\/de\/wp-json\/wp\/v2\/types\/product"}],"wp:featuredmedia":[{"embeddable":true,"href":"https:\/\/megacase.com\/de\/wp-json\/wp\/v2\/media\/26893"}],"wp:attachment":[{"href":"https:\/\/megacase.com\/de\/wp-json\/wp\/v2\/media?parent=52712"}],"wp:term":[{"taxonomy":"product_brand","embeddable":true,"href":"https:\/\/megacase.com\/de\/wp-json\/wp\/v2\/product_brand?post=52712"},{"taxonomy":"product_cat","embeddable":true,"href":"https:\/\/megacase.com\/de\/wp-json\/wp\/v2\/product_cat?post=52712"},{"taxonomy":"product_tag","embeddable":true,"href":"https:\/\/megacase.com\/de\/wp-json\/wp\/v2\/product_tag?post=52712"}],"curies":[{"name":"wp","href":"https:\/\/api.w.org\/{rel}","templated":true}]}}