{"id":52711,"date":"2013-07-09T00:00:00","date_gmt":"2013-07-08T22:00:00","guid":{"rendered":"https:\/\/mcx.sunlab.eu\/product\/transportkoffer-fuer-mobilen-messestand-innenmasse-l-156-h-70-t-84-cm\/"},"modified":"2026-03-25T14:43:32","modified_gmt":"2026-03-25T13:43:32","slug":"transportkoffer-fuer-mobilen-messestand-innenmasse-l-156-h-70-t-84-cm","status":"publish","type":"product","link":"https:\/\/megacase.com\/de\/produkt\/transportkoffer-fuer-mobilen-messestand-innenmasse-l-156-h-70-t-84-cm\/","title":{"rendered":"Transportkoffer f\u00fcr mobilen Messestand, Innenma\u00dfe: L 156 H 70 T 84 cm"},"content":{"rendered":"<p>Truhe f\u00fcr Elemente eines Messestandes  Innenmasse: L\u00e4nge: 1560mm, H\u00f6he 700mm, Tiefe 840mm<br \/>\n7 mm Birkenmultiplex  Farbe Phenol<br \/>\nabnehmbarer Deckel<br \/>\n4 x Butterfly mittel<br \/>\n4 x Klappgriff in Schale<br \/>\n30er Aluminium-Kante<br \/>\nKugelecken<br \/>\nohne Schaumstoff<br \/>\nHergestellt in Deutschland<br \/>\nAu\u00dfenma\u00dfe:  BxTxH 1610 x 885 x 740 mm<br \/>\nGewicht: 59 kg<\/p>\n","protected":false},"excerpt":{"rendered":"<p>Truhe f\u00fcr Elemente eines Messestandes Innenmasse: L\u00e4nge: 1560mm, H\u00f6he 700mm, Tiefe 840mm 7 mm Birkenmultiplex Farbe Phenol abnehmbarer Deckel 4<\/p>\n","protected":false},"featured_media":27085,"template":"","meta":{"_acf_changed":false},"product_brand":[],"product_cat":[13509],"product_tag":[],"class_list":{"0":"post-52711","1":"product","2":"type-product","3":"status-publish","4":"has-post-thumbnail","6":"product_cat-truhen-cases","8":"first","9":"instock","10":"taxable","11":"shipping-taxable","12":"purchasable","13":"product-type-simple"},"acf":[],"_links":{"self":[{"href":"https:\/\/megacase.com\/de\/wp-json\/wp\/v2\/product\/52711","targetHints":{"allow":["GET"]}}],"collection":[{"href":"https:\/\/megacase.com\/de\/wp-json\/wp\/v2\/product"}],"about":[{"href":"https:\/\/megacase.com\/de\/wp-json\/wp\/v2\/types\/product"}],"wp:featuredmedia":[{"embeddable":true,"href":"https:\/\/megacase.com\/de\/wp-json\/wp\/v2\/media\/27085"}],"wp:attachment":[{"href":"https:\/\/megacase.com\/de\/wp-json\/wp\/v2\/media?parent=52711"}],"wp:term":[{"taxonomy":"product_brand","embeddable":true,"href":"https:\/\/megacase.com\/de\/wp-json\/wp\/v2\/product_brand?post=52711"},{"taxonomy":"product_cat","embeddable":true,"href":"https:\/\/megacase.com\/de\/wp-json\/wp\/v2\/product_cat?post=52711"},{"taxonomy":"product_tag","embeddable":true,"href":"https:\/\/megacase.com\/de\/wp-json\/wp\/v2\/product_tag?post=52711"}],"curies":[{"name":"wp","href":"https:\/\/api.w.org\/{rel}","templated":true}]}}