{"id":52709,"date":"2013-05-03T00:00:00","date_gmt":"2013-05-02T22:00:00","guid":{"rendered":"https:\/\/mcx.sunlab.eu\/product\/roland-vs-2480-case\/"},"modified":"2026-03-25T14:43:32","modified_gmt":"2026-03-25T13:43:32","slug":"roland-vs-2480-case","status":"publish","type":"product","link":"https:\/\/megacase.com\/de\/produkt\/roland-vs-2480-case\/","title":{"rendered":"Roland VS 2480 Case"},"content":{"rendered":"<p>ma\u00dfgefertigtes Haubencase f\u00fcr Roland VS-2480  inkl. Platz f\u00fcr Netzteil<br \/>\n7 mm Birkenmultiplex  Farbe Phenolharz beschichtet<br \/>\n25 x 25mm Alukante<br \/>\nSchaumstoffpolsterung<br \/>\n2 Schnappschl\u00f6sser<br \/>\n1 Riemengriffe<br \/>\nStahlkugelecken<br \/>\nGummif\u00fc\u00dfe<br \/>\nhergestellt in Deutschland<br \/>\nAu\u00dfenma\u00dfe:   BxTxH 685 x 595 x 245 mm<br \/>\nGewicht: 9 kg<\/p>\n","protected":false},"excerpt":{"rendered":"<p>ma\u00dfgefertigtes Haubencase f\u00fcr Roland VS-2480 inkl. Platz f\u00fcr Netzteil 7 mm Birkenmultiplex Farbe Phenolharz beschichtet 25 x 25mm Alukante Schaumstoffpolsterung<\/p>\n","protected":false},"featured_media":92418,"template":"","meta":{"_acf_changed":false},"product_brand":[],"product_cat":[13490,13495,13558],"product_tag":[],"class_list":{"0":"post-52709","1":"product","2":"type-product","3":"status-publish","4":"has-post-thumbnail","6":"product_cat-hersteller","7":"product_cat-mischpult-cases","8":"product_cat-roland-case","10":"first","11":"instock","12":"taxable","13":"shipping-taxable","14":"purchasable","15":"product-type-simple"},"acf":[],"_links":{"self":[{"href":"https:\/\/megacase.com\/de\/wp-json\/wp\/v2\/product\/52709","targetHints":{"allow":["GET"]}}],"collection":[{"href":"https:\/\/megacase.com\/de\/wp-json\/wp\/v2\/product"}],"about":[{"href":"https:\/\/megacase.com\/de\/wp-json\/wp\/v2\/types\/product"}],"wp:featuredmedia":[{"embeddable":true,"href":"https:\/\/megacase.com\/de\/wp-json\/wp\/v2\/media\/92418"}],"wp:attachment":[{"href":"https:\/\/megacase.com\/de\/wp-json\/wp\/v2\/media?parent=52709"}],"wp:term":[{"taxonomy":"product_brand","embeddable":true,"href":"https:\/\/megacase.com\/de\/wp-json\/wp\/v2\/product_brand?post=52709"},{"taxonomy":"product_cat","embeddable":true,"href":"https:\/\/megacase.com\/de\/wp-json\/wp\/v2\/product_cat?post=52709"},{"taxonomy":"product_tag","embeddable":true,"href":"https:\/\/megacase.com\/de\/wp-json\/wp\/v2\/product_tag?post=52709"}],"curies":[{"name":"wp","href":"https:\/\/api.w.org\/{rel}","templated":true}]}}