{"id":52707,"date":"2013-03-18T00:00:00","date_gmt":"2013-03-17T23:00:00","guid":{"rendered":"https:\/\/mcx.sunlab.eu\/product\/panasonic-pt-ex600e-flightcase-zubehoerfach\/"},"modified":"2026-03-25T14:43:33","modified_gmt":"2026-03-25T13:43:33","slug":"panasonic-pt-ex600e-flightcase-zubehoerfach","status":"publish","type":"product","link":"https:\/\/megacase.com\/de\/produkt\/panasonic-pt-ex600e-flightcase-zubehoerfach\/","title":{"rendered":"Panasonic PT-EX600E Flightcase + Zubeh\u00f6rfach"},"content":{"rendered":"<p>ma\u00dfgefertigtes Transporcase f\u00fcr Panasonic PT-EW 630, EZ 630E und EZ 570<br \/>\naus 6,5 mm Birkenmultiplex<br \/>\n25&#215;25 mm Alukante<br \/>\nSchaumstoffpolsterung<br \/>\n2 gefederte Butterfly-verschl\u00fc\u00dfe medium<br \/>\n3 Klappgriffe<br \/>\nStahlkugelecken medium<br \/>\nDeckelscharniere<br \/>\ngepolstertes 13,5 cm Zubeh\u00f6rfach rechts<br \/>\nhergestellt in Deutschland<\/p>\n","protected":false},"excerpt":{"rendered":"<p>ma\u00dfgefertigtes Transporcase f\u00fcr Panasonic PT-EW 630, EZ 630E und EZ 570 aus 6,5 mm Birkenmultiplex 25&#215;25 mm Alukante Schaumstoffpolsterung 2<\/p>\n","protected":false},"featured_media":27883,"template":"","meta":{"_acf_changed":false},"product_brand":[],"product_cat":[13508],"product_tag":[],"class_list":{"0":"post-52707","1":"product","2":"type-product","3":"status-publish","4":"has-post-thumbnail","6":"product_cat-universal-flightcases","8":"first","9":"instock","10":"taxable","11":"shipping-taxable","12":"purchasable","13":"product-type-simple"},"acf":[],"_links":{"self":[{"href":"https:\/\/megacase.com\/de\/wp-json\/wp\/v2\/product\/52707","targetHints":{"allow":["GET"]}}],"collection":[{"href":"https:\/\/megacase.com\/de\/wp-json\/wp\/v2\/product"}],"about":[{"href":"https:\/\/megacase.com\/de\/wp-json\/wp\/v2\/types\/product"}],"wp:featuredmedia":[{"embeddable":true,"href":"https:\/\/megacase.com\/de\/wp-json\/wp\/v2\/media\/27883"}],"wp:attachment":[{"href":"https:\/\/megacase.com\/de\/wp-json\/wp\/v2\/media?parent=52707"}],"wp:term":[{"taxonomy":"product_brand","embeddable":true,"href":"https:\/\/megacase.com\/de\/wp-json\/wp\/v2\/product_brand?post=52707"},{"taxonomy":"product_cat","embeddable":true,"href":"https:\/\/megacase.com\/de\/wp-json\/wp\/v2\/product_cat?post=52707"},{"taxonomy":"product_tag","embeddable":true,"href":"https:\/\/megacase.com\/de\/wp-json\/wp\/v2\/product_tag?post=52707"}],"curies":[{"name":"wp","href":"https:\/\/api.w.org\/{rel}","templated":true}]}}