{"id":52706,"date":"2013-03-07T00:00:00","date_gmt":"2013-03-06T23:00:00","guid":{"rendered":"https:\/\/mcx.sunlab.eu\/product\/valise-pour-epson-eh-tw3200-projecteur\/"},"modified":"2026-03-25T14:43:33","modified_gmt":"2026-03-25T13:43:33","slug":"valise-pour-epson-eh-tw3200-projecteur","status":"publish","type":"product","link":"https:\/\/megacase.com\/de\/produkt\/valise-pour-epson-eh-tw3200-projecteur\/","title":{"rendered":"valise pour Epson EH-TW3200 projecteur"},"content":{"rendered":"<p>flight case pour  Epson EH-TW3200 beamer, projecteur<br \/>avec compartiment \u00e0 accessoires<br \/>dimensions int\u00e9rieures: l 45 h 15,5 p 36 cm<br \/>couvercle \u00e2 charni\u00e8re <br \/>2x fermeture type papillon<br \/>1x poign\u00e9e<br \/>contreplaqu\u00e9 de bouleau 7mm <br \/>couleur standard noir<br \/>profil\u00e9s aluminium de 23\/23 mm<br \/>coins \u00e0 boule en acier <br \/>rembourr\u00e9 de 1o mm de mousse<br \/>fabriqu\u00e9 en Allemagne<\/p>\n<p>image originale<\/p>\n","protected":false},"excerpt":{"rendered":"<p>flight case pour Epson EH-TW3200 beamer, projecteuravec compartiment \u00e0 accessoiresdimensions int\u00e9rieures: l 45 h 15,5 p 36 cmcouvercle \u00e2 charni\u00e8re<\/p>\n","protected":false},"featured_media":28004,"template":"","meta":{"_acf_changed":false},"product_brand":[],"product_cat":[13492,13504,13553],"product_tag":[],"class_list":{"0":"post-52706","1":"product","2":"type-product","3":"status-publish","4":"has-post-thumbnail","6":"product_cat-anwendungsgebiete","7":"product_cat-koffer-cases","8":"product_cat-beamercases-und-zubehoer-koffer","10":"first","11":"instock","12":"taxable","13":"shipping-taxable","14":"purchasable","15":"product-type-simple"},"acf":[],"_links":{"self":[{"href":"https:\/\/megacase.com\/de\/wp-json\/wp\/v2\/product\/52706","targetHints":{"allow":["GET"]}}],"collection":[{"href":"https:\/\/megacase.com\/de\/wp-json\/wp\/v2\/product"}],"about":[{"href":"https:\/\/megacase.com\/de\/wp-json\/wp\/v2\/types\/product"}],"wp:featuredmedia":[{"embeddable":true,"href":"https:\/\/megacase.com\/de\/wp-json\/wp\/v2\/media\/28004"}],"wp:attachment":[{"href":"https:\/\/megacase.com\/de\/wp-json\/wp\/v2\/media?parent=52706"}],"wp:term":[{"taxonomy":"product_brand","embeddable":true,"href":"https:\/\/megacase.com\/de\/wp-json\/wp\/v2\/product_brand?post=52706"},{"taxonomy":"product_cat","embeddable":true,"href":"https:\/\/megacase.com\/de\/wp-json\/wp\/v2\/product_cat?post=52706"},{"taxonomy":"product_tag","embeddable":true,"href":"https:\/\/megacase.com\/de\/wp-json\/wp\/v2\/product_tag?post=52706"}],"curies":[{"name":"wp","href":"https:\/\/api.w.org\/{rel}","templated":true}]}}