{"id":52705,"date":"2013-02-18T00:00:00","date_gmt":"2013-02-17T23:00:00","guid":{"rendered":"https:\/\/mcx.sunlab.eu\/product\/2x-lg-60-plasma-case-auf-rollen\/"},"modified":"2026-03-25T14:43:33","modified_gmt":"2026-03-25T13:43:33","slug":"2x-lg-60-plasma-case-auf-rollen","status":"publish","type":"product","link":"https:\/\/megacase.com\/de\/produkt\/2x-lg-60-plasma-case-auf-rollen\/","title":{"rendered":"2x LG 60&#8243; Plasma Case auf Rollen"},"content":{"rendered":"<p>Profi Transportcase auf Rollen f\u00fcr 2 LG 60&#8243; Plasma<br \/>\n9 mm Birkenmultiplex  Farbe Phenol<br \/>\n30 x 30 mm Alukante<br \/>\nSchaumstoffpolsterung nach Ma\u00df<br \/>\n4 gefederte Butterfly-Verschl\u00fcsse medium<br \/>\n6 Klappgriffe<br \/>\nStahlkugelecken,<br \/>\n4 x 100mm Lenkrollen davon zwei gebremst<br \/>\nGer\u00e4tema\u00dfe ohne Standfu\u00df 1400 x 60 x 840 mm<br \/>\nHergestellt in Deutschland<br \/>\nAu\u00dfenma\u00dfe: BxTxH 1470 x 350 x 1085 mm<br \/>\nGewicht: 39 kg<\/p>\n","protected":false},"excerpt":{"rendered":"<p>Profi Transportcase auf Rollen f\u00fcr 2 LG 60&#8243; Plasma 9 mm Birkenmultiplex Farbe Phenol 30 x 30 mm Alukante Schaumstoffpolsterung<\/p>\n","protected":false},"featured_media":28263,"template":"","meta":{"_acf_changed":false},"product_brand":[],"product_cat":[13501],"product_tag":[],"class_list":{"0":"post-52705","1":"product","2":"type-product","3":"status-publish","4":"has-post-thumbnail","6":"product_cat-plasma-cases","8":"first","9":"instock","10":"taxable","11":"shipping-taxable","12":"purchasable","13":"product-type-simple"},"acf":[],"_links":{"self":[{"href":"https:\/\/megacase.com\/de\/wp-json\/wp\/v2\/product\/52705","targetHints":{"allow":["GET"]}}],"collection":[{"href":"https:\/\/megacase.com\/de\/wp-json\/wp\/v2\/product"}],"about":[{"href":"https:\/\/megacase.com\/de\/wp-json\/wp\/v2\/types\/product"}],"wp:featuredmedia":[{"embeddable":true,"href":"https:\/\/megacase.com\/de\/wp-json\/wp\/v2\/media\/28263"}],"wp:attachment":[{"href":"https:\/\/megacase.com\/de\/wp-json\/wp\/v2\/media?parent=52705"}],"wp:term":[{"taxonomy":"product_brand","embeddable":true,"href":"https:\/\/megacase.com\/de\/wp-json\/wp\/v2\/product_brand?post=52705"},{"taxonomy":"product_cat","embeddable":true,"href":"https:\/\/megacase.com\/de\/wp-json\/wp\/v2\/product_cat?post=52705"},{"taxonomy":"product_tag","embeddable":true,"href":"https:\/\/megacase.com\/de\/wp-json\/wp\/v2\/product_tag?post=52705"}],"curies":[{"name":"wp","href":"https:\/\/api.w.org\/{rel}","templated":true}]}}