{"id":52701,"date":"2012-10-25T00:00:00","date_gmt":"2012-10-24T22:00:00","guid":{"rendered":"https:\/\/mcx.sunlab.eu\/product\/flightcase-koffer-71laenge-21-hoehe-49-breite-innenmasse\/"},"modified":"2026-03-25T14:43:34","modified_gmt":"2026-03-25T13:43:34","slug":"flightcase-koffer-71laenge-21-hoehe-49-breite-innenmasse","status":"publish","type":"product","link":"https:\/\/megacase.com\/de\/produkt\/flightcase-koffer-71laenge-21-hoehe-49-breite-innenmasse\/","title":{"rendered":"Flightcase Koffer: 71L\u00e4nge 21 H\u00f6he 49 Breite Innenma\u00dfe"},"content":{"rendered":"<p>Flightcase Koffer: 71L\u00e4nge 21 H\u00f6he 49 Breite Innenma\u00dfe <br \/>Aufklappdeckel mit<br \/>2x Butterflyverschlu\u00df<br \/>1x Ledergriff<br \/>\n7mm Birkenmultiplex<br \/>Beschichtung grau<br \/>\n23er Alumniumkanten<br \/>\nKugelecken<br \/>\nAdam Hall Qualit\u00e4tsbeschl\u00e4ge<br \/>\nJedes hochwertige Equipment ben\u00f6tigt auch die entsprechenden Verpackungen f\u00fcr den sicheren Transport.<br \/>\nSo\u00a0z\u00e4hlt MegaCase Flightcases prominente Unternehmen wie ARD, Porsche, Volkswagen, Siemens,\u00a0Suzuki, oder das\u00a0Fraunhofer Institut zu seinen Kunden, und etablierte sich in nur k\u00fcrzester Zeit zu einem der\u00a0f\u00fchrenden Flightcase Hersteller in Europa.\u00a0Mit mehreren \u00a0Produktionsstandorten fertigen mehr als 30 Mitarbeiter MegaCase Flightcases\u00a0f\u00fcr den gesamten Weltmarkt.\u00a0Hohe Flexibilit\u00e4t, Zuverl\u00e4ssigkeit, und Kooperationen mit Zulieferern wie beispielsweise Adam Hall machen MegaCase Flightcases zu Ihrem kompetenten Flightcase\u00a0Ansprechpartner.<\/i><\/p>\n","protected":false},"excerpt":{"rendered":"<p>Flightcase Koffer: 71L\u00e4nge 21 H\u00f6he 49 Breite Innenma\u00dfe Aufklappdeckel mit2x Butterflyverschlu\u00df1x Ledergriff 7mm BirkenmultiplexBeschichtung grau 23er Alumniumkanten Kugelecken Adam Hall<\/p>\n","protected":false},"featured_media":30204,"template":"","meta":{"_acf_changed":false},"product_brand":[],"product_cat":[13504],"product_tag":[],"class_list":{"0":"post-52701","1":"product","2":"type-product","3":"status-publish","4":"has-post-thumbnail","6":"product_cat-koffer-cases","8":"first","9":"instock","10":"taxable","11":"shipping-taxable","12":"purchasable","13":"product-type-simple"},"acf":[],"_links":{"self":[{"href":"https:\/\/megacase.com\/de\/wp-json\/wp\/v2\/product\/52701","targetHints":{"allow":["GET"]}}],"collection":[{"href":"https:\/\/megacase.com\/de\/wp-json\/wp\/v2\/product"}],"about":[{"href":"https:\/\/megacase.com\/de\/wp-json\/wp\/v2\/types\/product"}],"wp:featuredmedia":[{"embeddable":true,"href":"https:\/\/megacase.com\/de\/wp-json\/wp\/v2\/media\/30204"}],"wp:attachment":[{"href":"https:\/\/megacase.com\/de\/wp-json\/wp\/v2\/media?parent=52701"}],"wp:term":[{"taxonomy":"product_brand","embeddable":true,"href":"https:\/\/megacase.com\/de\/wp-json\/wp\/v2\/product_brand?post=52701"},{"taxonomy":"product_cat","embeddable":true,"href":"https:\/\/megacase.com\/de\/wp-json\/wp\/v2\/product_cat?post=52701"},{"taxonomy":"product_tag","embeddable":true,"href":"https:\/\/megacase.com\/de\/wp-json\/wp\/v2\/product_tag?post=52701"}],"curies":[{"name":"wp","href":"https:\/\/api.w.org\/{rel}","templated":true}]}}