{"id":52699,"date":"2012-10-15T00:00:00","date_gmt":"2012-10-14T22:00:00","guid":{"rendered":"https:\/\/mcx.sunlab.eu\/product\/tascam-dm-24-ohne-bridge-mischpult-case\/"},"modified":"2026-03-25T14:43:34","modified_gmt":"2026-03-25T13:43:34","slug":"tascam-dm-24-ohne-bridge-mischpult-case","status":"publish","type":"product","link":"https:\/\/megacase.com\/de\/produkt\/tascam-dm-24-ohne-bridge-mischpult-case\/","title":{"rendered":"Tascam DM 24 ohne Bridge Mischpult Case"},"content":{"rendered":"<p>Tascam DM 24 ohne Bridge Mischpult Case<br \/>\nFlightcase f\u00fcr Tascam DM 24 Mischpult<br \/>\nohne Bridge<br \/>\nHaubencase mit<br \/>\n4x Butterfly mittel<br \/>\n4x Klappgriff in Schale<br \/>\n30er Alukante<br \/>\nmittlere Kugelecken<br \/>\ninnen vollfl\u00e4chige Schaumstoffpolsterung<br \/>\nAdam Hall Qualit\u00e4tsbeschl\u00e4ge<\/p>\n<p><i>Mixer\/Mischpult Cases werden passgenau f\u00fcr jedes Mischpult angefertigt. Nur so ist ein sicherer und bedenkenloser Transport gew\u00e4hrleistet. MegaCase verwendet ausschlie\u00dflich Qualit\u00e4tsbeschl\u00e4ge von Adam Hall. Gepolsterte Innenseiten, massive Kugelecken und Alu Profile machen dieses Flightcase alltagstauglich. Jedes Flightcase wird ausschlie\u00dflich in Deutschland produziert, und entspricht einem hohen industriellen Qualit\u00e4tsstandard. Bitte beachten: Geben Sie bei der der Bestellung im Kommentarfeld Ihr Mixer\/Mischpult-Modell an, das Case wird speziell f\u00fcr Ihr Ger\u00e4t angefertigt. Abbildung \u00e4hnlich (Beispielbild)<\/i> Au\u00dfenma\u00dfe: BxTxH 710x670x295 mm Gewicht: 12,8 kg<\/p>\n","protected":false},"excerpt":{"rendered":"<p>Tascam DM 24 ohne Bridge Mischpult Case Flightcase f\u00fcr Tascam DM 24 Mischpult ohne Bridge Haubencase mit 4x Butterfly mittel<\/p>\n","protected":false},"featured_media":91842,"template":"","meta":{"_acf_changed":false},"product_brand":[],"product_cat":[13495],"product_tag":[],"class_list":{"0":"post-52699","1":"product","2":"type-product","3":"status-publish","4":"has-post-thumbnail","6":"product_cat-mischpult-cases","8":"first","9":"instock","10":"taxable","11":"shipping-taxable","12":"purchasable","13":"product-type-simple"},"acf":[],"_links":{"self":[{"href":"https:\/\/megacase.com\/de\/wp-json\/wp\/v2\/product\/52699","targetHints":{"allow":["GET"]}}],"collection":[{"href":"https:\/\/megacase.com\/de\/wp-json\/wp\/v2\/product"}],"about":[{"href":"https:\/\/megacase.com\/de\/wp-json\/wp\/v2\/types\/product"}],"wp:featuredmedia":[{"embeddable":true,"href":"https:\/\/megacase.com\/de\/wp-json\/wp\/v2\/media\/91842"}],"wp:attachment":[{"href":"https:\/\/megacase.com\/de\/wp-json\/wp\/v2\/media?parent=52699"}],"wp:term":[{"taxonomy":"product_brand","embeddable":true,"href":"https:\/\/megacase.com\/de\/wp-json\/wp\/v2\/product_brand?post=52699"},{"taxonomy":"product_cat","embeddable":true,"href":"https:\/\/megacase.com\/de\/wp-json\/wp\/v2\/product_cat?post=52699"},{"taxonomy":"product_tag","embeddable":true,"href":"https:\/\/megacase.com\/de\/wp-json\/wp\/v2\/product_tag?post=52699"}],"curies":[{"name":"wp","href":"https:\/\/api.w.org\/{rel}","templated":true}]}}