{"id":52698,"date":"2012-10-15T00:00:00","date_gmt":"2012-10-14T22:00:00","guid":{"rendered":"https:\/\/mcx.sunlab.eu\/product\/peavey-pv-20-usb-mischpult-case\/"},"modified":"2026-03-25T14:43:34","modified_gmt":"2026-03-25T13:43:34","slug":"peavey-pv-20-usb-mischpult-case","status":"publish","type":"product","link":"https:\/\/megacase.com\/de\/produkt\/peavey-pv-20-usb-mischpult-case\/","title":{"rendered":"Peavey PV 20 USB Mischpult Case"},"content":{"rendered":"<p>ma\u00dfgefertigtes Haubencase f\u00fcr Peavey PV-20 USB<br \/>\naus 7mm Birkenmultiplex<br \/>\n25 x 25mm Alukante<br \/>\nSchaumstoffpolsterung<br \/>\n2 gefederte Butterfly-Verschl\u00fc\u00dfe medium<br \/>\n1 Riemengriff<br \/>\n4 Gummif\u00fc\u00dfe<br \/>\nhergestellt in Deutschland<br \/>\nAu\u00dfenma\u00dfe BxTxH ca. 630 x 460 x 190mm<br \/>\nGewicht ca. 6,9<\/p>\n","protected":false},"excerpt":{"rendered":"<p>ma\u00dfgefertigtes Haubencase f\u00fcr Peavey PV-20 USB aus 7mm Birkenmultiplex 25 x 25mm Alukante Schaumstoffpolsterung 2 gefederte Butterfly-Verschl\u00fc\u00dfe medium 1 Riemengriff<\/p>\n","protected":false},"featured_media":30527,"template":"","meta":{"_acf_changed":false},"product_brand":[],"product_cat":[13495,13498],"product_tag":[],"class_list":{"0":"post-52698","1":"product","2":"type-product","3":"status-publish","4":"has-post-thumbnail","6":"product_cat-mischpult-cases","7":"product_cat-peavey","9":"first","10":"instock","11":"taxable","12":"shipping-taxable","13":"purchasable","14":"product-type-simple"},"acf":[],"_links":{"self":[{"href":"https:\/\/megacase.com\/de\/wp-json\/wp\/v2\/product\/52698","targetHints":{"allow":["GET"]}}],"collection":[{"href":"https:\/\/megacase.com\/de\/wp-json\/wp\/v2\/product"}],"about":[{"href":"https:\/\/megacase.com\/de\/wp-json\/wp\/v2\/types\/product"}],"wp:featuredmedia":[{"embeddable":true,"href":"https:\/\/megacase.com\/de\/wp-json\/wp\/v2\/media\/30527"}],"wp:attachment":[{"href":"https:\/\/megacase.com\/de\/wp-json\/wp\/v2\/media?parent=52698"}],"wp:term":[{"taxonomy":"product_brand","embeddable":true,"href":"https:\/\/megacase.com\/de\/wp-json\/wp\/v2\/product_brand?post=52698"},{"taxonomy":"product_cat","embeddable":true,"href":"https:\/\/megacase.com\/de\/wp-json\/wp\/v2\/product_cat?post=52698"},{"taxonomy":"product_tag","embeddable":true,"href":"https:\/\/megacase.com\/de\/wp-json\/wp\/v2\/product_tag?post=52698"}],"curies":[{"name":"wp","href":"https:\/\/api.w.org\/{rel}","templated":true}]}}