{"id":52697,"date":"2012-10-15T00:00:00","date_gmt":"2012-10-14T22:00:00","guid":{"rendered":"https:\/\/mcx.sunlab.eu\/product\/peavey-classic-30-combo-case\/"},"modified":"2026-03-25T14:43:34","modified_gmt":"2026-03-25T13:43:34","slug":"peavey-classic-30-combo-case","status":"publish","type":"product","link":"https:\/\/megacase.com\/de\/produkt\/peavey-classic-30-combo-case\/","title":{"rendered":"Peavey Classic 30 Combo Case"},"content":{"rendered":"<p>Peavey Classic 30 Combo Case<br \/>Flightcase f\u00fcr Peavey Classic 30 Combo <\nHaubencase mit 4x Butterfly mittel\n2x Klappgriff in Schale\n30er Alukante\nmittlere Kugelecken\ninnen vollfl\u00e4chige Schaumstoffpolsterung\nAdam Hall Qualit\u00e4tsbeschl\u00e4ge\nAmp\/Verst\u00e4rker Cases werden passgenau f\u00fcr jedes Amp\/Verst\u00e4rker Modell angefertigt. Nur so ist ein sicherer und bedenkenloser Transport gew\u00e4hrleistet. MegaCase verwendet ausschlie\u00dflich Qualit\u00e4tsbeschl\u00e4ge von Adam Hall. Gepolsterte Innenseiten, massive Kugelecken und Alu Profile machen dieses Flightcase alltagstauglich. Jedes Flightcase wird ausschlie\u00dflich in Deutschland produziert, und entspricht einem hohen industriellen Qualit\u00e4tsstandard. Bitte beachten: Geben Sie bei der der Bestellung im Kommentarfeld Ihr Verst\u00e4rker-Modell an, das Case wird speziell f\u00fcr Ihr Ger\u00e4t angefertigt. Abbildung \u00e4hnlich (Beispielbild)<\/i><\/p>\n","protected":false},"excerpt":{"rendered":"<p>Peavey Classic 30 Combo CaseFlightcase f\u00fcr Peavey Classic 30 Combo < Haubencase mit 4x Butterfly mittel 2x Klappgriff in Schale\n<\/p>\n","protected":false},"featured_media":30530,"template":"","meta":{"_acf_changed":false},"product_brand":[],"product_cat":[13498,13499],"product_tag":[],"class_list":{"0":"post-52697","1":"product","2":"type-product","3":"status-publish","4":"has-post-thumbnail","6":"product_cat-peavey","7":"product_cat-amp-cases","9":"first","10":"instock","11":"taxable","12":"shipping-taxable","13":"purchasable","14":"product-type-simple"},"acf":[],"_links":{"self":[{"href":"https:\/\/megacase.com\/de\/wp-json\/wp\/v2\/product\/52697","targetHints":{"allow":["GET"]}}],"collection":[{"href":"https:\/\/megacase.com\/de\/wp-json\/wp\/v2\/product"}],"about":[{"href":"https:\/\/megacase.com\/de\/wp-json\/wp\/v2\/types\/product"}],"wp:featuredmedia":[{"embeddable":true,"href":"https:\/\/megacase.com\/de\/wp-json\/wp\/v2\/media\/30530"}],"wp:attachment":[{"href":"https:\/\/megacase.com\/de\/wp-json\/wp\/v2\/media?parent=52697"}],"wp:term":[{"taxonomy":"product_brand","embeddable":true,"href":"https:\/\/megacase.com\/de\/wp-json\/wp\/v2\/product_brand?post=52697"},{"taxonomy":"product_cat","embeddable":true,"href":"https:\/\/megacase.com\/de\/wp-json\/wp\/v2\/product_cat?post=52697"},{"taxonomy":"product_tag","embeddable":true,"href":"https:\/\/megacase.com\/de\/wp-json\/wp\/v2\/product_tag?post=52697"}],"curies":[{"name":"wp","href":"https:\/\/api.w.org\/{rel}","templated":true}]}}