{"id":52696,"date":"2012-10-11T00:00:00","date_gmt":"2012-10-10T22:00:00","guid":{"rendered":"https:\/\/mcx.sunlab.eu\/product\/martin-magnum-1800-case\/"},"modified":"2026-03-25T14:43:35","modified_gmt":"2026-03-25T13:43:35","slug":"martin-magnum-1800-case","status":"publish","type":"product","link":"https:\/\/megacase.com\/de\/produkt\/martin-magnum-1800-case\/","title":{"rendered":"Martin Magnum 1800 Case"},"content":{"rendered":"<p>Martin Magnum 1800 Case<br \/>\nFlightcase f\u00fcr Martin Magnum 1800 Nebelmaschine<br \/>\nHaubencase mit 2x Butterflyverschlu\u00df mittel<br \/>\n2x Klappgriff in Schale<br \/>\n30er Alukante<br \/>\nmittlere Kugelecken<br \/>\ninnen vollfl\u00e4chig mit Schaumstoff gepolstert<br \/>\nAufpreis f\u00fcr farbige Beschichtung<br \/>\nzur Verf\u00fcgung stehende Farbauswahl:<br \/>\n<a href=\"http:\/\/megacase.de\/de\/seite\/farben\/\">\u00dcbersicht der m\u00f6glichen Beschichtungen<\/a><\/p>\n<p><i>Cases f\u00fcr Licht- und B\u00fchnenequipment werden passgenau f\u00fcr jedes Produkt angefertigt. Nur so ist ein sicherer und bedenkenloser Transport gew\u00e4hrleistet. MegaCase verwendet ausschlie\u00dflich Qualit\u00e4tsbeschl\u00e4ge von Adam Hall. Gepolsterte Innenseiten, massive Kugelecken und Alu Profile machen dieses Flightcase alltags- und b\u00fchnentauglich. Jedes Flightcase wird ausschlie\u00dflich in Deutschland produziert, und entspricht einem hohen industriellen Qualit\u00e4tsstandard. Bitte beachten: Geben Sie bei der der Bestellung im Kommentarfeld die genaue Typenbezeichnung und Anzahl Ihres Produktes an, das Case wird speziell daf\u00fcr angefertigt. Hergestellt in Deutschland Au\u00dfenma\u00dfe BxTxH ca. 665x295x310 m Gewicht ca. 7,3 kg<\/i><\/p>\n","protected":false},"excerpt":{"rendered":"<p>Martin Magnum 1800 Case Flightcase f\u00fcr Martin Magnum 1800 Nebelmaschine Haubencase mit 2x Butterflyverschlu\u00df mittel 2x Klappgriff in Schale 30er<\/p>\n","protected":false},"featured_media":92170,"template":"","meta":{"_acf_changed":false},"product_brand":[],"product_cat":[13494,13573],"product_tag":[],"class_list":{"0":"post-52696","1":"product","2":"type-product","3":"status-publish","4":"has-post-thumbnail","6":"product_cat-custom-cases","7":"product_cat-martin-professional","9":"first","10":"instock","11":"taxable","12":"shipping-taxable","13":"purchasable","14":"product-type-simple"},"acf":[],"_links":{"self":[{"href":"https:\/\/megacase.com\/de\/wp-json\/wp\/v2\/product\/52696","targetHints":{"allow":["GET"]}}],"collection":[{"href":"https:\/\/megacase.com\/de\/wp-json\/wp\/v2\/product"}],"about":[{"href":"https:\/\/megacase.com\/de\/wp-json\/wp\/v2\/types\/product"}],"wp:featuredmedia":[{"embeddable":true,"href":"https:\/\/megacase.com\/de\/wp-json\/wp\/v2\/media\/92170"}],"wp:attachment":[{"href":"https:\/\/megacase.com\/de\/wp-json\/wp\/v2\/media?parent=52696"}],"wp:term":[{"taxonomy":"product_brand","embeddable":true,"href":"https:\/\/megacase.com\/de\/wp-json\/wp\/v2\/product_brand?post=52696"},{"taxonomy":"product_cat","embeddable":true,"href":"https:\/\/megacase.com\/de\/wp-json\/wp\/v2\/product_cat?post=52696"},{"taxonomy":"product_tag","embeddable":true,"href":"https:\/\/megacase.com\/de\/wp-json\/wp\/v2\/product_tag?post=52696"}],"curies":[{"name":"wp","href":"https:\/\/api.w.org\/{rel}","templated":true}]}}