{"id":52689,"date":"2012-10-01T00:00:00","date_gmt":"2012-09-30T22:00:00","guid":{"rendered":"https:\/\/mcx.sunlab.eu\/product\/mixercase-allen-heath-gl-2200-24\/"},"modified":"2026-03-25T14:43:36","modified_gmt":"2026-03-25T13:43:36","slug":"mixercase-allen-heath-gl-2200-24","status":"publish","type":"product","link":"https:\/\/megacase.com\/de\/produkt\/mixercase-allen-heath-gl-2200-24\/","title":{"rendered":"Mixercase Allen &#038; Heath GL 2200 &#8211; 24"},"content":{"rendered":"<p>Allen &amp; Heath GL 2200 &#8211; 424 Mischpult Flightcase<br \/>\nHaubencase mit 4x Butterfly mittel<br \/>\n4x Klappgriff in Schale<br \/>\n30er Alukanten<br \/>\nmittlere Kugelecken<br \/>\ninnen vollfl\u00e4chige Schaumstoffpolsterung<br \/>\nAufpreis f\u00fcr farbige Beschichtung<br \/>\nverf\u00fcgbare Farben<br \/>\n<a href=\"http:\/\/megacase.de\/de\/seite\/farben\/\">\u00dcbersicht der m\u00f6glichen Beschichtungen<\/a><br \/>\nmit St\u00fctzkl\u00f6tzen!<br \/>\nAdam Hall Qualit\u00e4tsbeschl\u00e4ge<\/p>\n<p><i>Mischpult Cases werden passgenau f\u00fcr jedes Mischpult angefertigt. Nur so ist ein sicherer und bedenkenloser Transport gew\u00e4hrleistet. MegaCase verwendet ausschlie\u00dflich Qualit\u00e4tsbeschl\u00e4ge von Adam Hall. Gepolsterte Innenseiten, massive Kugelecken und Alu Profile machen dieses Flightcase alltagstauglich. Jedes Flightcase wird ausschlie\u00dflich in Deutschland produziert, und entspricht einem hohen industriellen Qualit\u00e4tsstandard. Bitte beachten: Geben Sie bei der der Bestellung im Kommentarfeld Ihr Mischpult-Modell an, das Case wird speziell f\u00fcr Ihr Ger\u00e4t angefertigt. Abbildung \u00e4hnlich (Beispielbild)<\/i><\/p>\n","protected":false},"excerpt":{"rendered":"<p>Allen &amp; Heath GL 2200 &#8211; 424 Mischpult Flightcase Haubencase mit 4x Butterfly mittel 4x Klappgriff in Schale 30er Alukanten<\/p>\n","protected":false},"featured_media":31103,"template":"","meta":{"_acf_changed":false},"product_brand":[],"product_cat":[13491,13495],"product_tag":[],"class_list":{"0":"post-52689","1":"product","2":"type-product","3":"status-publish","4":"has-post-thumbnail","6":"product_cat-allen-heath","7":"product_cat-mischpult-cases","9":"first","10":"instock","11":"taxable","12":"shipping-taxable","13":"purchasable","14":"product-type-simple"},"acf":[],"_links":{"self":[{"href":"https:\/\/megacase.com\/de\/wp-json\/wp\/v2\/product\/52689","targetHints":{"allow":["GET"]}}],"collection":[{"href":"https:\/\/megacase.com\/de\/wp-json\/wp\/v2\/product"}],"about":[{"href":"https:\/\/megacase.com\/de\/wp-json\/wp\/v2\/types\/product"}],"wp:featuredmedia":[{"embeddable":true,"href":"https:\/\/megacase.com\/de\/wp-json\/wp\/v2\/media\/31103"}],"wp:attachment":[{"href":"https:\/\/megacase.com\/de\/wp-json\/wp\/v2\/media?parent=52689"}],"wp:term":[{"taxonomy":"product_brand","embeddable":true,"href":"https:\/\/megacase.com\/de\/wp-json\/wp\/v2\/product_brand?post=52689"},{"taxonomy":"product_cat","embeddable":true,"href":"https:\/\/megacase.com\/de\/wp-json\/wp\/v2\/product_cat?post=52689"},{"taxonomy":"product_tag","embeddable":true,"href":"https:\/\/megacase.com\/de\/wp-json\/wp\/v2\/product_tag?post=52689"}],"curies":[{"name":"wp","href":"https:\/\/api.w.org\/{rel}","templated":true}]}}