{"id":52688,"date":"2012-09-28T00:00:00","date_gmt":"2012-09-27T22:00:00","guid":{"rendered":"https:\/\/mcx.sunlab.eu\/product\/flightcase-beamer-epson-eh-tw3200-zubehoerfach-l-455-h-155-t-36-innenmasse\/"},"modified":"2026-03-25T14:43:36","modified_gmt":"2026-03-25T13:43:36","slug":"flightcase-beamer-epson-eh-tw3200-zubehoerfach-l-455-h-155-t-36-innenmasse","status":"publish","type":"product","link":"https:\/\/megacase.com\/de\/produkt\/flightcase-beamer-epson-eh-tw3200-zubehoerfach-l-455-h-155-t-36-innenmasse\/","title":{"rendered":"Flightcase Beamer Epson EH-TW3200 + Zubeh\u00f6rfach L 45,5 H 15,5 T 36 Innenma\u00dfe"},"content":{"rendered":"<p>Koffer f\u00fcr Beamer Epson EH-TW 3200  7 mm Birkenmultiplex   Farbe Phenolharz beschichtet<br \/>\n2 x Butterfly-Verschluss medium<br \/>\n2 x Deckelscharnier<br \/>\n1 x Riemengriff<br \/>\nSchaumstoffpolsterung nach Ma\u00df  14 cm Zubeh\u00f6rfach gepolstert<br \/>\nNoppenschaumstoff im Deckel<br \/>\nStahlkugelecken<br \/>\nHergestellt in Deutschland<br \/>\nAu\u00dfenma\u00dfe:  BxTxH 740 x 475 x 245 mm<br \/>\nGewicht: 9,7 kg<\/p>\n","protected":false},"excerpt":{"rendered":"<p>Koffer f\u00fcr Beamer Epson EH-TW 3200 7 mm Birkenmultiplex Farbe Phenolharz beschichtet 2 x Butterfly-Verschluss medium 2 x Deckelscharnier 1<\/p>\n","protected":false},"featured_media":93540,"template":"","meta":{"_acf_changed":false},"product_brand":[],"product_cat":[13492,13504,13553],"product_tag":[13930],"class_list":{"0":"post-52688","1":"product","2":"type-product","3":"status-publish","4":"has-post-thumbnail","6":"product_cat-anwendungsgebiete","7":"product_cat-koffer-cases","8":"product_cat-beamercases-und-zubehoer-koffer","9":"product_tag-beamer","11":"first","12":"instock","13":"taxable","14":"shipping-taxable","15":"purchasable","16":"product-type-simple"},"acf":[],"_links":{"self":[{"href":"https:\/\/megacase.com\/de\/wp-json\/wp\/v2\/product\/52688","targetHints":{"allow":["GET"]}}],"collection":[{"href":"https:\/\/megacase.com\/de\/wp-json\/wp\/v2\/product"}],"about":[{"href":"https:\/\/megacase.com\/de\/wp-json\/wp\/v2\/types\/product"}],"wp:featuredmedia":[{"embeddable":true,"href":"https:\/\/megacase.com\/de\/wp-json\/wp\/v2\/media\/93540"}],"wp:attachment":[{"href":"https:\/\/megacase.com\/de\/wp-json\/wp\/v2\/media?parent=52688"}],"wp:term":[{"taxonomy":"product_brand","embeddable":true,"href":"https:\/\/megacase.com\/de\/wp-json\/wp\/v2\/product_brand?post=52688"},{"taxonomy":"product_cat","embeddable":true,"href":"https:\/\/megacase.com\/de\/wp-json\/wp\/v2\/product_cat?post=52688"},{"taxonomy":"product_tag","embeddable":true,"href":"https:\/\/megacase.com\/de\/wp-json\/wp\/v2\/product_tag?post=52688"}],"curies":[{"name":"wp","href":"https:\/\/api.w.org\/{rel}","templated":true}]}}