{"id":52687,"date":"2012-09-28T00:00:00","date_gmt":"2012-09-27T22:00:00","guid":{"rendered":"https:\/\/mcx.sunlab.eu\/product\/flightcase-fuer-mischpult-soundcraft-spirit-m8-m12\/"},"modified":"2026-03-25T14:43:36","modified_gmt":"2026-03-25T13:43:36","slug":"flightcase-fuer-mischpult-soundcraft-spirit-m8-m12","status":"publish","type":"product","link":"https:\/\/megacase.com\/de\/produkt\/flightcase-fuer-mischpult-soundcraft-spirit-m8-m12\/","title":{"rendered":"Flightcase f\u00fcr Mischpult Soundcraft Spirit M8 &#8211; M12 phenol"},"content":{"rendered":"<p>passend f\u00fcr Soundcraft Spirit M-8 und M-12<br \/>\n7 mm Birkenmultiplex phenol<br \/>\n25x25mm Alukante 18mm<br \/>\n19&#8243; Holzwangen mit Rackschienen und Befestigungsmaterial<br \/>\n1x Riemengriff<br \/>\n4x Butterflies gefedert<br \/>\nKugelecken medium<br \/>\n4x Gummif\u00fc\u00dfe Au\u00dfenma\u00dfe ( BxTxH ) ca. 665 x 593 x 194 mm<br \/>\nGewicht:10,34 kg<\/p>\n","protected":false},"excerpt":{"rendered":"<p>passend f\u00fcr Soundcraft Spirit M-8 und M-12 7 mm Birkenmultiplex phenol 25x25mm Alukante 18mm 19&#8243; Holzwangen mit Rackschienen und Befestigungsmaterial<\/p>\n","protected":false},"featured_media":31178,"template":"","meta":{"_acf_changed":false},"product_brand":[],"product_cat":[13495,13503],"product_tag":[],"class_list":{"0":"post-52687","1":"product","2":"type-product","3":"status-publish","4":"has-post-thumbnail","6":"product_cat-mischpult-cases","7":"product_cat-soundcraft","9":"first","10":"instock","11":"taxable","12":"shipping-taxable","13":"purchasable","14":"product-type-simple"},"acf":[],"_links":{"self":[{"href":"https:\/\/megacase.com\/de\/wp-json\/wp\/v2\/product\/52687","targetHints":{"allow":["GET"]}}],"collection":[{"href":"https:\/\/megacase.com\/de\/wp-json\/wp\/v2\/product"}],"about":[{"href":"https:\/\/megacase.com\/de\/wp-json\/wp\/v2\/types\/product"}],"wp:featuredmedia":[{"embeddable":true,"href":"https:\/\/megacase.com\/de\/wp-json\/wp\/v2\/media\/31178"}],"wp:attachment":[{"href":"https:\/\/megacase.com\/de\/wp-json\/wp\/v2\/media?parent=52687"}],"wp:term":[{"taxonomy":"product_brand","embeddable":true,"href":"https:\/\/megacase.com\/de\/wp-json\/wp\/v2\/product_brand?post=52687"},{"taxonomy":"product_cat","embeddable":true,"href":"https:\/\/megacase.com\/de\/wp-json\/wp\/v2\/product_cat?post=52687"},{"taxonomy":"product_tag","embeddable":true,"href":"https:\/\/megacase.com\/de\/wp-json\/wp\/v2\/product_tag?post=52687"}],"curies":[{"name":"wp","href":"https:\/\/api.w.org\/{rel}","templated":true}]}}