{"id":52683,"date":"2012-09-27T00:00:00","date_gmt":"2012-09-26T22:00:00","guid":{"rendered":"https:\/\/mcx.sunlab.eu\/product\/flightcase-fuer-mischpult-soundcraft-epm-12-efx-12\/"},"modified":"2026-03-25T14:43:37","modified_gmt":"2026-03-25T13:43:37","slug":"flightcase-fuer-mischpult-soundcraft-epm-12-efx-12","status":"publish","type":"product","link":"https:\/\/megacase.com\/de\/produkt\/flightcase-fuer-mischpult-soundcraft-epm-12-efx-12\/","title":{"rendered":"Flightcase f\u00fcr Mischpult Soundcraft EPM 12 \/ EFX 12"},"content":{"rendered":"<p>Flightcase f\u00fcr Mischpult Soundcraft EPM 12 sowie EFX 12<br \/>\naus 7mm Birkenmultiplex<br \/>\n25 x 25mm Alukante<br \/>\nSchaumstoffpolsterung<br \/>\n2 gefederte Butterfly-Verschl\u00fc\u00dfe medium<br \/>\n1 Riemengriff<br \/>\nStahlkugelecken<br \/>\nGummif\u00fc\u00dfe<br \/>\nMischpult Cases werden passgenau f\u00fcr jedes Mischpult angefertigt. Nur so ist ein sicherer und bedenkenloser Transport gew\u00e4hrleistet. MegaCase verwendet ausschlie\u00dflich Qualit\u00e4tsbeschl\u00e4ge von Adam Hall. Gepolsterte Innenseiten, massive Kugelecken und Alu Profile machen dieses Flightcase alltagstauglich. Jedes Flightcase wird ausschlie\u00dflich in Deutschland produziert, und entspricht einem hohen industriellen Qualit\u00e4tsstandard. Bitte beachten: Geben Sie bei der der Bestellung im Kommentarfeld Ihr Mischpult-Modell an, das Case wird speziell f\u00fcr Ihr Ger\u00e4t angefertigt. Abbildung \u00e4hnlich (Beispielbild)<\/i><\/p>\n","protected":false},"excerpt":{"rendered":"<p>Flightcase f\u00fcr Mischpult Soundcraft EPM 12 sowie EFX 12 aus 7mm Birkenmultiplex 25 x 25mm Alukante Schaumstoffpolsterung 2 gefederte Butterfly-Verschl\u00fc\u00dfe<\/p>\n","protected":false},"featured_media":31260,"template":"","meta":{"_acf_changed":false},"product_brand":[],"product_cat":[13495,13503],"product_tag":[],"class_list":{"0":"post-52683","1":"product","2":"type-product","3":"status-publish","4":"has-post-thumbnail","6":"product_cat-mischpult-cases","7":"product_cat-soundcraft","9":"first","10":"instock","11":"taxable","12":"shipping-taxable","13":"purchasable","14":"product-type-simple"},"acf":[],"_links":{"self":[{"href":"https:\/\/megacase.com\/de\/wp-json\/wp\/v2\/product\/52683","targetHints":{"allow":["GET"]}}],"collection":[{"href":"https:\/\/megacase.com\/de\/wp-json\/wp\/v2\/product"}],"about":[{"href":"https:\/\/megacase.com\/de\/wp-json\/wp\/v2\/types\/product"}],"wp:featuredmedia":[{"embeddable":true,"href":"https:\/\/megacase.com\/de\/wp-json\/wp\/v2\/media\/31260"}],"wp:attachment":[{"href":"https:\/\/megacase.com\/de\/wp-json\/wp\/v2\/media?parent=52683"}],"wp:term":[{"taxonomy":"product_brand","embeddable":true,"href":"https:\/\/megacase.com\/de\/wp-json\/wp\/v2\/product_brand?post=52683"},{"taxonomy":"product_cat","embeddable":true,"href":"https:\/\/megacase.com\/de\/wp-json\/wp\/v2\/product_cat?post=52683"},{"taxonomy":"product_tag","embeddable":true,"href":"https:\/\/megacase.com\/de\/wp-json\/wp\/v2\/product_tag?post=52683"}],"curies":[{"name":"wp","href":"https:\/\/api.w.org\/{rel}","templated":true}]}}