{"id":52681,"date":"2012-09-26T00:00:00","date_gmt":"2012-09-25T22:00:00","guid":{"rendered":"https:\/\/mcx.sunlab.eu\/product\/flightcase-fuer-mischpultrecorder-yamaha-md8\/"},"modified":"2026-03-25T14:43:38","modified_gmt":"2026-03-25T13:43:38","slug":"flightcase-fuer-mischpultrecorder-yamaha-md8","status":"publish","type":"product","link":"https:\/\/megacase.com\/de\/produkt\/flightcase-fuer-mischpultrecorder-yamaha-md8\/","title":{"rendered":"Flightcase Yamaha MD8 Recorder"},"content":{"rendered":"<p>ma\u00dfgefertigtes Haubencase f\u00fcr Yamaha MD 8 Recorder<br \/>\naus 6,5 mm Birkenmultiplex Holz<br \/>\nPhenolharz beschichtet braun<br \/>\n22&#215;22 mm Alukante,<br \/>\nSchaumstoffpolsterung,<br \/>\n2 Schnappschl\u00f6sser,<br \/>\n1 Riemengriff,<br \/>\naush\u00e4ngbare Scharniere hinten,<br \/>\nStahlkugelecken klein,<br \/>\nhergestellt in Deutschland<br \/>\nAu\u00dfenma\u00dfe ca. 550x480x180 mm BxTxH,<br \/>\nGewicht ca. 5,8 kg<\/p>\n<p><i>Mischpult Cases werden passgenau f\u00fcr jedes Mischpult angefertigt. Nur so ist ein sicherer und bedenkenloser Transport gew\u00e4hrleistet. MegaCase verwendet ausschlie\u00dflich Qualit\u00e4tsbeschl\u00e4ge von Adam Hall. Gepolsterte Innenseiten, massive Kugelecken und Alu Profile machen dieses Flightcase alltagstauglich. Jedes Flightcase wird ausschlie\u00dflich in Deutschland produziert, und entspricht einem hohen industriellen Qualit\u00e4tsstandard. Bitte beachten: Geben Sie bei der der Bestellung im Kommentarfeld Ihr Mischpult-Modell an, das Case wird speziell f\u00fcr Ihr Ger\u00e4t angefertigt. Abbildung \u00e4hnlich (Beispielbild)<\/i><\/p>\n","protected":false},"excerpt":{"rendered":"<p>ma\u00dfgefertigtes Haubencase f\u00fcr Yamaha MD 8 Recorder aus 6,5 mm Birkenmultiplex Holz Phenolharz beschichtet braun 22&#215;22 mm Alukante, Schaumstoffpolsterung, 2<\/p>\n","protected":false},"featured_media":31337,"template":"","meta":{"_acf_changed":false},"product_brand":[],"product_cat":[13495,13496],"product_tag":[],"class_list":{"0":"post-52681","1":"product","2":"type-product","3":"status-publish","4":"has-post-thumbnail","6":"product_cat-mischpult-cases","7":"product_cat-yamaha","9":"first","10":"instock","11":"taxable","12":"shipping-taxable","13":"purchasable","14":"product-type-simple"},"acf":[],"_links":{"self":[{"href":"https:\/\/megacase.com\/de\/wp-json\/wp\/v2\/product\/52681","targetHints":{"allow":["GET"]}}],"collection":[{"href":"https:\/\/megacase.com\/de\/wp-json\/wp\/v2\/product"}],"about":[{"href":"https:\/\/megacase.com\/de\/wp-json\/wp\/v2\/types\/product"}],"wp:featuredmedia":[{"embeddable":true,"href":"https:\/\/megacase.com\/de\/wp-json\/wp\/v2\/media\/31337"}],"wp:attachment":[{"href":"https:\/\/megacase.com\/de\/wp-json\/wp\/v2\/media?parent=52681"}],"wp:term":[{"taxonomy":"product_brand","embeddable":true,"href":"https:\/\/megacase.com\/de\/wp-json\/wp\/v2\/product_brand?post=52681"},{"taxonomy":"product_cat","embeddable":true,"href":"https:\/\/megacase.com\/de\/wp-json\/wp\/v2\/product_cat?post=52681"},{"taxonomy":"product_tag","embeddable":true,"href":"https:\/\/megacase.com\/de\/wp-json\/wp\/v2\/product_tag?post=52681"}],"curies":[{"name":"wp","href":"https:\/\/api.w.org\/{rel}","templated":true}]}}