{"id":52680,"date":"2012-09-26T00:00:00","date_gmt":"2012-09-25T22:00:00","guid":{"rendered":"https:\/\/mcx.sunlab.eu\/product\/flightcase-fuer-mischpult-yamaha-promix-01\/"},"modified":"2026-03-25T14:43:37","modified_gmt":"2026-03-25T13:43:37","slug":"flightcase-fuer-mischpult-yamaha-promix-01","status":"publish","type":"product","link":"https:\/\/megacase.com\/de\/produkt\/flightcase-fuer-mischpult-yamaha-promix-01\/","title":{"rendered":"Flightcase f\u00fcr Mischpult Yamaha Promix 01"},"content":{"rendered":"<p>ma\u00dfgefertigtes Haubencase f\u00fcr Yamaha Pro Mix 1,<br \/>\naus 7mm Birkenmultiplex,<br \/>\n25 x 25mm Alukante,<br \/>\nSchaumstoffpolsterung,<br \/>\n4 gefederte Butterfly-Verschl\u00fc\u00dfe medium,<br \/>\n1 Ledergriff,<br \/>\nStahlkugelecken,<br \/>\n4 Gummif\u00fc\u00dfe,<br \/>\nhergestellt in Deutschland<\/p>\n","protected":false},"excerpt":{"rendered":"<p>ma\u00dfgefertigtes Haubencase f\u00fcr Yamaha Pro Mix 1, aus 7mm Birkenmultiplex, 25 x 25mm Alukante, Schaumstoffpolsterung, 4 gefederte Butterfly-Verschl\u00fc\u00dfe medium, 1<\/p>\n","protected":false},"featured_media":31360,"template":"","meta":{"_acf_changed":false},"product_brand":[],"product_cat":[13496,13495],"product_tag":[],"class_list":{"0":"post-52680","1":"product","2":"type-product","3":"status-publish","4":"has-post-thumbnail","6":"product_cat-yamaha","7":"product_cat-mischpult-cases","9":"first","10":"instock","11":"taxable","12":"shipping-taxable","13":"purchasable","14":"product-type-simple"},"acf":[],"_links":{"self":[{"href":"https:\/\/megacase.com\/de\/wp-json\/wp\/v2\/product\/52680","targetHints":{"allow":["GET"]}}],"collection":[{"href":"https:\/\/megacase.com\/de\/wp-json\/wp\/v2\/product"}],"about":[{"href":"https:\/\/megacase.com\/de\/wp-json\/wp\/v2\/types\/product"}],"wp:featuredmedia":[{"embeddable":true,"href":"https:\/\/megacase.com\/de\/wp-json\/wp\/v2\/media\/31360"}],"wp:attachment":[{"href":"https:\/\/megacase.com\/de\/wp-json\/wp\/v2\/media?parent=52680"}],"wp:term":[{"taxonomy":"product_brand","embeddable":true,"href":"https:\/\/megacase.com\/de\/wp-json\/wp\/v2\/product_brand?post=52680"},{"taxonomy":"product_cat","embeddable":true,"href":"https:\/\/megacase.com\/de\/wp-json\/wp\/v2\/product_cat?post=52680"},{"taxonomy":"product_tag","embeddable":true,"href":"https:\/\/megacase.com\/de\/wp-json\/wp\/v2\/product_tag?post=52680"}],"curies":[{"name":"wp","href":"https:\/\/api.w.org\/{rel}","templated":true}]}}