{"id":52679,"date":"2012-09-26T00:00:00","date_gmt":"2012-09-25T22:00:00","guid":{"rendered":"https:\/\/mcx.sunlab.eu\/product\/flightcase-fuer-mischpult-yamaha-ls-9-32-kanal\/"},"modified":"2026-03-25T14:43:37","modified_gmt":"2026-03-25T13:43:37","slug":"flightcase-fuer-mischpult-yamaha-ls-9-32-kanal","status":"publish","type":"product","link":"https:\/\/megacase.com\/de\/produkt\/flightcase-fuer-mischpult-yamaha-ls-9-32-kanal\/","title":{"rendered":"Flightcase f\u00fcr Mischpult Yamaha LS 9 32 Kanal"},"content":{"rendered":"<p>ma\u00dfgefertigtes Haubencase f\u00fcr Yamaha LS-9 32 Kanal<br \/>\n9mm Birkenmultiplex<br \/>\n30 x 30mm Alukante<br \/>\nmind. 10mm Schaumstoffpolsterung<br \/>\n6 Klappgriffe<br \/>\n4 gefederte Butterflyverschl\u00fcsse medium<br \/>\nStahlkugelecken gro\u00df<br \/>\nhergestellt in Deutschland<br \/>\nAu\u00dfenma\u00dfe ca. BxTxH 95,5 x 58 x 28cm<br \/>\nGewicht ca. 17,9 kg<\/p>\n","protected":false},"excerpt":{"rendered":"<p>ma\u00dfgefertigtes Haubencase f\u00fcr Yamaha LS-9 32 Kanal 9mm Birkenmultiplex 30 x 30mm Alukante mind. 10mm Schaumstoffpolsterung 6 Klappgriffe 4 gefederte<\/p>\n","protected":false},"featured_media":31383,"template":"","meta":{"_acf_changed":false},"product_brand":[],"product_cat":[13495,13496],"product_tag":[],"class_list":{"0":"post-52679","1":"product","2":"type-product","3":"status-publish","4":"has-post-thumbnail","6":"product_cat-mischpult-cases","7":"product_cat-yamaha","9":"first","10":"instock","11":"taxable","12":"shipping-taxable","13":"purchasable","14":"product-type-simple"},"acf":[],"_links":{"self":[{"href":"https:\/\/megacase.com\/de\/wp-json\/wp\/v2\/product\/52679","targetHints":{"allow":["GET"]}}],"collection":[{"href":"https:\/\/megacase.com\/de\/wp-json\/wp\/v2\/product"}],"about":[{"href":"https:\/\/megacase.com\/de\/wp-json\/wp\/v2\/types\/product"}],"wp:featuredmedia":[{"embeddable":true,"href":"https:\/\/megacase.com\/de\/wp-json\/wp\/v2\/media\/31383"}],"wp:attachment":[{"href":"https:\/\/megacase.com\/de\/wp-json\/wp\/v2\/media?parent=52679"}],"wp:term":[{"taxonomy":"product_brand","embeddable":true,"href":"https:\/\/megacase.com\/de\/wp-json\/wp\/v2\/product_brand?post=52679"},{"taxonomy":"product_cat","embeddable":true,"href":"https:\/\/megacase.com\/de\/wp-json\/wp\/v2\/product_cat?post=52679"},{"taxonomy":"product_tag","embeddable":true,"href":"https:\/\/megacase.com\/de\/wp-json\/wp\/v2\/product_tag?post=52679"}],"curies":[{"name":"wp","href":"https:\/\/api.w.org\/{rel}","templated":true}]}}