{"id":52677,"date":"2012-09-25T00:00:00","date_gmt":"2012-09-24T22:00:00","guid":{"rendered":"https:\/\/mcx.sunlab.eu\/product\/flightcase-fuer-mischpult-yamaha-emx-3500-16er\/"},"modified":"2026-03-25T14:43:38","modified_gmt":"2026-03-25T13:43:38","slug":"flightcase-fuer-mischpult-yamaha-emx-3500-16er","status":"publish","type":"product","link":"https:\/\/megacase.com\/de\/produkt\/flightcase-fuer-mischpult-yamaha-emx-3500-16er\/","title":{"rendered":"Flightcase f\u00fcr Mischpult Yamaha EMX 3500 16er"},"content":{"rendered":"<p>Flightcase f\u00fcr Mischpult Yamaha EMX 3500 16er<br \/>\nHaubencase mit 4x Butterfly mittel<br \/>\n4x Klappgriff in Schale<br \/>\n30er Alukanten<br \/>\nmittlere Kugelecken<br \/>\ninnen vollfl\u00e4chige Schaumstoffpolsterung<br \/>\nAdam Hall Qualit\u00e4tsbeschl\u00e4ge<br \/>\nMischpult Cases werden passgenau f\u00fcr jedes Mischpult angefertigt. Nur so ist ein sicherer und bedenkenloser Transport gew\u00e4hrleistet. MegaCase verwendet ausschlie\u00dflich Qualit\u00e4tsbeschl\u00e4ge von Adam Hall. Gepolsterte Innenseiten, massive Kugelecken und Alu Profile machen dieses Flightcase alltagstauglich. Jedes Flightcase wird ausschlie\u00dflich in Deutschland produziert, und entspricht einem hohen industriellen Qualit\u00e4tsstandard. Bitte beachten: Geben Sie bei der der Bestellung im Kommentarfeld Ihr Mischpult-Modell an, das Case wird speziell f\u00fcr Ihr Ger\u00e4t angefertigt.   Au\u00dfenma\u00dfe: 880x730x305 mm  Gewicht: 16,4 kg<\/p>\n","protected":false},"excerpt":{"rendered":"<p>Flightcase f\u00fcr Mischpult Yamaha EMX 3500 16er Haubencase mit 4x Butterfly mittel 4x Klappgriff in Schale 30er Alukanten mittlere Kugelecken<\/p>\n","protected":false},"featured_media":97530,"template":"","meta":{"_acf_changed":false},"product_brand":[],"product_cat":[13495,13496],"product_tag":[],"class_list":{"0":"post-52677","1":"product","2":"type-product","3":"status-publish","4":"has-post-thumbnail","6":"product_cat-mischpult-cases","7":"product_cat-yamaha","9":"first","10":"instock","11":"taxable","12":"shipping-taxable","13":"purchasable","14":"product-type-simple"},"acf":[],"_links":{"self":[{"href":"https:\/\/megacase.com\/de\/wp-json\/wp\/v2\/product\/52677","targetHints":{"allow":["GET"]}}],"collection":[{"href":"https:\/\/megacase.com\/de\/wp-json\/wp\/v2\/product"}],"about":[{"href":"https:\/\/megacase.com\/de\/wp-json\/wp\/v2\/types\/product"}],"wp:featuredmedia":[{"embeddable":true,"href":"https:\/\/megacase.com\/de\/wp-json\/wp\/v2\/media\/97530"}],"wp:attachment":[{"href":"https:\/\/megacase.com\/de\/wp-json\/wp\/v2\/media?parent=52677"}],"wp:term":[{"taxonomy":"product_brand","embeddable":true,"href":"https:\/\/megacase.com\/de\/wp-json\/wp\/v2\/product_brand?post=52677"},{"taxonomy":"product_cat","embeddable":true,"href":"https:\/\/megacase.com\/de\/wp-json\/wp\/v2\/product_cat?post=52677"},{"taxonomy":"product_tag","embeddable":true,"href":"https:\/\/megacase.com\/de\/wp-json\/wp\/v2\/product_tag?post=52677"}],"curies":[{"name":"wp","href":"https:\/\/api.w.org\/{rel}","templated":true}]}}