{"id":52676,"date":"2012-09-25T00:00:00","date_gmt":"2012-09-24T22:00:00","guid":{"rendered":"https:\/\/mcx.sunlab.eu\/product\/flightcase-fuer-mischpult-yamaha-emx-2000\/"},"modified":"2026-03-25T14:43:38","modified_gmt":"2026-03-25T13:43:38","slug":"flightcase-fuer-mischpult-yamaha-emx-2000","status":"publish","type":"product","link":"https:\/\/megacase.com\/de\/produkt\/flightcase-fuer-mischpult-yamaha-emx-2000\/","title":{"rendered":"Flightcase f\u00fcr Mischpult Yamaha EMX 2000"},"content":{"rendered":"<p>ma\u00dfgefertigtes Haubencase f\u00fcr Yamaha EMX-2000 aus 7mm Birkenmultiplex<br \/>\n25x25mm Alukante<br \/>\nmind. 1cm Schaumstoff<br \/>\n1x Koffergriff<br \/>\n2xButterflies gefedert<br \/>\nKugelecken medium Aussenma\u00dfe ( BxTxH ) ca. 545x510x195mm<br \/>\nGewicht ca. 13,7kg<\/p>\n<p><i>Mischpult Cases werden passgenau f\u00fcr jedes Mischpult angefertigt. Nur so ist ein sicherer und bedenkenloser Transport gew\u00e4hrleistet. MegaCase verwendet ausschlie\u00dflich Qualit\u00e4tsbeschl\u00e4ge von Adam Hall. Gepolsterte Innenseiten, massive Kugelecken und Alu Profile machen dieses Flightcase alltagstauglich. Jedes Flightcase wird ausschlie\u00dflich in Deutschland produziert, und entspricht einem hohen industriellen Qualit\u00e4tsstandard. Bitte beachten: Geben Sie bei der der Bestellung im Kommentarfeld Ihr Mischpult-Modell an, das Case wird speziell f\u00fcr Ihr Ger\u00e4t angefertigt. Originalbild<\/i><\/p>\n","protected":false},"excerpt":{"rendered":"<p>ma\u00dfgefertigtes Haubencase f\u00fcr Yamaha EMX-2000 aus 7mm Birkenmultiplex 25x25mm Alukante mind. 1cm Schaumstoff 1x Koffergriff 2xButterflies gefedert Kugelecken medium Aussenma\u00dfe<\/p>\n","protected":false},"featured_media":31460,"template":"","meta":{"_acf_changed":false},"product_brand":[],"product_cat":[13495,13496],"product_tag":[],"class_list":{"0":"post-52676","1":"product","2":"type-product","3":"status-publish","4":"has-post-thumbnail","6":"product_cat-mischpult-cases","7":"product_cat-yamaha","9":"first","10":"instock","11":"taxable","12":"shipping-taxable","13":"purchasable","14":"product-type-simple"},"acf":[],"_links":{"self":[{"href":"https:\/\/megacase.com\/de\/wp-json\/wp\/v2\/product\/52676","targetHints":{"allow":["GET"]}}],"collection":[{"href":"https:\/\/megacase.com\/de\/wp-json\/wp\/v2\/product"}],"about":[{"href":"https:\/\/megacase.com\/de\/wp-json\/wp\/v2\/types\/product"}],"wp:featuredmedia":[{"embeddable":true,"href":"https:\/\/megacase.com\/de\/wp-json\/wp\/v2\/media\/31460"}],"wp:attachment":[{"href":"https:\/\/megacase.com\/de\/wp-json\/wp\/v2\/media?parent=52676"}],"wp:term":[{"taxonomy":"product_brand","embeddable":true,"href":"https:\/\/megacase.com\/de\/wp-json\/wp\/v2\/product_brand?post=52676"},{"taxonomy":"product_cat","embeddable":true,"href":"https:\/\/megacase.com\/de\/wp-json\/wp\/v2\/product_cat?post=52676"},{"taxonomy":"product_tag","embeddable":true,"href":"https:\/\/megacase.com\/de\/wp-json\/wp\/v2\/product_tag?post=52676"}],"curies":[{"name":"wp","href":"https:\/\/api.w.org\/{rel}","templated":true}]}}