{"id":52674,"date":"2012-07-05T00:00:00","date_gmt":"2012-07-04T22:00:00","guid":{"rendered":"https:\/\/mcx.sunlab.eu\/product\/flachbildschirm-case-laenge-70cm-hoehe-50cm-tiefe-12cm-innenmasse\/"},"modified":"2026-03-25T14:43:38","modified_gmt":"2026-03-25T13:43:38","slug":"flachbildschirm-case-laenge-70cm-hoehe-50cm-tiefe-12cm-innenmasse","status":"publish","type":"product","link":"https:\/\/megacase.com\/de\/produkt\/flachbildschirm-case-laenge-70cm-hoehe-50cm-tiefe-12cm-innenmasse\/","title":{"rendered":"Flachbildschirm Case: L\u00e4nge 70cm H\u00f6he 50cm Tiefe 12cm Innenma\u00dfe"},"content":{"rendered":"<p>Flachbildschirm Case<br \/>\nGer\u00e4tema\u00dfe: L\u00e4nge 70cm, H\u00f6he 50cm, Tiefe 12cm Innenma\u00dfe<br \/>\nAufklappdeckel,<br \/>\n2x Schnappschlo\u00df,<br \/>\nl.u.r. je 1 aufgesetzter Klappgriff<br \/>\n7mm Caseholz Phenol braun,<br \/>\n23er Kante,<br \/>\nKugelecken klein<br \/>\ninnen vollfl\u00e4chige Schaumstoffpolsterung 30mm<br \/>\nAdam Hall Qualit\u00e4tsbeschl\u00e4ge<\/p>\n<p><i>Jedes hochwertige Equipment ben\u00f6tigt auch die entsprechenden Verpackungen f\u00fcr den sicheren Transport. So\u00a0z\u00e4hlt MegaCase Flightcases prominente Unternehmen wie ARD, Porsche, Volkswagen, Siemens,\u00a0Suzuki, oder das\u00a0Fraunhofer Institut zu seinen Kunden, und etablierte sich in nur k\u00fcrzester Zeit zu einem der\u00a0f\u00fchrenden Flightcase Hersteller in Europa.\u00a0Mit mehreren \u00a0Produktionsstandorten fertigen mehr als 30 Mitarbeiter MegaCase Flightcases\u00a0f\u00fcr den gesamten Weltmarkt.\u00a0Hohe Flexibilit\u00e4t, Zuverl\u00e4ssigkeit, und Kooperationen mit Zulieferern wie beispielsweise Adam Hall machen MegaCase Flightcases zu Ihrem kompetenten Flightcase\u00a0Ansprechpartner.<\/i> Hergestellt in Deutschland Au\u00dfenma\u00dfe: BxTxH 805x225x595 mm Gewicht: 10,6 kg<\/p>\n","protected":false},"excerpt":{"rendered":"<p>Flachbildschirm Case Ger\u00e4tema\u00dfe: L\u00e4nge 70cm, H\u00f6he 50cm, Tiefe 12cm Innenma\u00dfe Aufklappdeckel, 2x Schnappschlo\u00df, l.u.r. je 1 aufgesetzter Klappgriff 7mm Caseholz<\/p>\n","protected":false},"featured_media":84817,"template":"","meta":{"_acf_changed":false},"product_brand":[],"product_cat":[13501],"product_tag":[],"class_list":{"0":"post-52674","1":"product","2":"type-product","3":"status-publish","4":"has-post-thumbnail","6":"product_cat-plasma-cases","8":"first","9":"instock","10":"taxable","11":"shipping-taxable","12":"purchasable","13":"product-type-simple"},"acf":[],"_links":{"self":[{"href":"https:\/\/megacase.com\/de\/wp-json\/wp\/v2\/product\/52674","targetHints":{"allow":["GET"]}}],"collection":[{"href":"https:\/\/megacase.com\/de\/wp-json\/wp\/v2\/product"}],"about":[{"href":"https:\/\/megacase.com\/de\/wp-json\/wp\/v2\/types\/product"}],"wp:featuredmedia":[{"embeddable":true,"href":"https:\/\/megacase.com\/de\/wp-json\/wp\/v2\/media\/84817"}],"wp:attachment":[{"href":"https:\/\/megacase.com\/de\/wp-json\/wp\/v2\/media?parent=52674"}],"wp:term":[{"taxonomy":"product_brand","embeddable":true,"href":"https:\/\/megacase.com\/de\/wp-json\/wp\/v2\/product_brand?post=52674"},{"taxonomy":"product_cat","embeddable":true,"href":"https:\/\/megacase.com\/de\/wp-json\/wp\/v2\/product_cat?post=52674"},{"taxonomy":"product_tag","embeddable":true,"href":"https:\/\/megacase.com\/de\/wp-json\/wp\/v2\/product_tag?post=52674"}],"curies":[{"name":"wp","href":"https:\/\/api.w.org\/{rel}","templated":true}]}}