{"id":52668,"date":"2011-09-26T00:00:00","date_gmt":"2011-09-25T22:00:00","guid":{"rendered":"https:\/\/mcx.sunlab.eu\/product\/flightcase-km-keyboardstaender-18860-pro\/"},"modified":"2026-03-25T14:43:39","modified_gmt":"2026-03-25T13:43:39","slug":"flightcase-km-keyboardstaender-18860-pro","status":"publish","type":"product","link":"https:\/\/megacase.com\/de\/produkt\/flightcase-km-keyboardstaender-18860-pro\/","title":{"rendered":"Flightcase K&#038;M Keyboardst\u00e4nder 18860 pro"},"content":{"rendered":"<p>Case f\u00fcr K&amp;M Keyboardst\u00e4nder 18860 pro<br \/>\nGesch\u00e4tzte Ma\u00dfe! : L\u00e4nge 130cm, H\u00f6he 20cm, Tiefe 20cm<br \/>\nAufstelldeckel,<br \/>\n2x Butterfly mittel,<br \/>\n2x Klappgriff<br \/>\n7mm Caseholz Phenol braun,<br \/>\n23er Kante,<br \/>\nKugelecken<br \/>\ninnen vollfl\u00e4chige Filzauskleidung 3mm<br \/>\nHergestellt in Deutschland<br \/>\nAu\u00dfenma\u00dfe: BxTxH 1270x325x230 mm<br \/>\nGewicht: 10,5 kg<\/p>\n","protected":false},"excerpt":{"rendered":"<p>Case f\u00fcr K&amp;M Keyboardst\u00e4nder 18860 pro Gesch\u00e4tzte Ma\u00dfe! : L\u00e4nge 130cm, H\u00f6he 20cm, Tiefe 20cm Aufstelldeckel, 2x Butterfly mittel, 2x<\/p>\n","protected":false},"featured_media":86965,"template":"","meta":{"_acf_changed":false},"product_brand":[],"product_cat":[13494],"product_tag":[],"class_list":{"0":"post-52668","1":"product","2":"type-product","3":"status-publish","4":"has-post-thumbnail","6":"product_cat-custom-cases","8":"first","9":"instock","10":"taxable","11":"shipping-taxable","12":"purchasable","13":"product-type-simple"},"acf":[],"_links":{"self":[{"href":"https:\/\/megacase.com\/de\/wp-json\/wp\/v2\/product\/52668","targetHints":{"allow":["GET"]}}],"collection":[{"href":"https:\/\/megacase.com\/de\/wp-json\/wp\/v2\/product"}],"about":[{"href":"https:\/\/megacase.com\/de\/wp-json\/wp\/v2\/types\/product"}],"wp:featuredmedia":[{"embeddable":true,"href":"https:\/\/megacase.com\/de\/wp-json\/wp\/v2\/media\/86965"}],"wp:attachment":[{"href":"https:\/\/megacase.com\/de\/wp-json\/wp\/v2\/media?parent=52668"}],"wp:term":[{"taxonomy":"product_brand","embeddable":true,"href":"https:\/\/megacase.com\/de\/wp-json\/wp\/v2\/product_brand?post=52668"},{"taxonomy":"product_cat","embeddable":true,"href":"https:\/\/megacase.com\/de\/wp-json\/wp\/v2\/product_cat?post=52668"},{"taxonomy":"product_tag","embeddable":true,"href":"https:\/\/megacase.com\/de\/wp-json\/wp\/v2\/product_tag?post=52668"}],"curies":[{"name":"wp","href":"https:\/\/api.w.org\/{rel}","templated":true}]}}