{"id":52666,"date":"2011-08-31T00:00:00","date_gmt":"2011-08-30T22:00:00","guid":{"rendered":"https:\/\/mcx.sunlab.eu\/product\/mixer-flightcase-presonus-16-0-2\/"},"modified":"2026-03-25T14:43:40","modified_gmt":"2026-03-25T13:43:40","slug":"mixer-flightcase-presonus-16-0-2","status":"publish","type":"product","link":"https:\/\/megacase.com\/de\/produkt\/mixer-flightcase-presonus-16-0-2\/","title":{"rendered":"Mixer Flightcase Presonus 16.0.2"},"content":{"rendered":"<p>ma\u00dfgefertigtes Haubencase f\u00fcr Presonus Studiolive 16.0.2<br \/>\n7mm Birkenmultiplex<br \/>\n25 x 25 mm Alukante<br \/>\nmind. 10mm Schaumstoffpolsterung<br \/>\n1 Klappgriff<br \/>\n2 gefederte Butterflyverschl\u00fcsse medium<br \/>\nStahlkugelecken medium<br \/>\ngro\u00dfe Gummif\u00fc\u00dfe<br \/>\nalle Anschl\u00fcsse frei zug\u00e4nglich<br \/>\nGer\u00e4t kann im Unterteil bedient werden<br \/>\nhergestellt in Deutschland<\/p>\n","protected":false},"excerpt":{"rendered":"<p>ma\u00dfgefertigtes Haubencase f\u00fcr Presonus Studiolive 16.0.2 7mm Birkenmultiplex 25 x 25 mm Alukante mind. 10mm Schaumstoffpolsterung 1 Klappgriff 2 gefederte<\/p>\n","protected":false},"featured_media":33322,"template":"","meta":{"_acf_changed":false},"product_brand":[],"product_cat":[13494],"product_tag":[],"class_list":{"0":"post-52666","1":"product","2":"type-product","3":"status-publish","4":"has-post-thumbnail","6":"product_cat-custom-cases","8":"first","9":"instock","10":"taxable","11":"shipping-taxable","12":"purchasable","13":"product-type-simple"},"acf":[],"_links":{"self":[{"href":"https:\/\/megacase.com\/de\/wp-json\/wp\/v2\/product\/52666","targetHints":{"allow":["GET"]}}],"collection":[{"href":"https:\/\/megacase.com\/de\/wp-json\/wp\/v2\/product"}],"about":[{"href":"https:\/\/megacase.com\/de\/wp-json\/wp\/v2\/types\/product"}],"wp:featuredmedia":[{"embeddable":true,"href":"https:\/\/megacase.com\/de\/wp-json\/wp\/v2\/media\/33322"}],"wp:attachment":[{"href":"https:\/\/megacase.com\/de\/wp-json\/wp\/v2\/media?parent=52666"}],"wp:term":[{"taxonomy":"product_brand","embeddable":true,"href":"https:\/\/megacase.com\/de\/wp-json\/wp\/v2\/product_brand?post=52666"},{"taxonomy":"product_cat","embeddable":true,"href":"https:\/\/megacase.com\/de\/wp-json\/wp\/v2\/product_cat?post=52666"},{"taxonomy":"product_tag","embeddable":true,"href":"https:\/\/megacase.com\/de\/wp-json\/wp\/v2\/product_tag?post=52666"}],"curies":[{"name":"wp","href":"https:\/\/api.w.org\/{rel}","templated":true}]}}