{"id":52664,"date":"2011-03-30T00:00:00","date_gmt":"2011-03-29T22:00:00","guid":{"rendered":"https:\/\/mcx.sunlab.eu\/product\/flightcase-abschliessbar-130l-18h-43b\/"},"modified":"2026-03-25T14:43:40","modified_gmt":"2026-03-25T13:43:40","slug":"flightcase-abschliessbar-130l-18h-43b","status":"publish","type":"product","link":"https:\/\/megacase.com\/de\/produkt\/flightcase-abschliessbar-130l-18h-43b\/","title":{"rendered":"Flightcase abschlie\u00dfbar 130L 18H 43B"},"content":{"rendered":"<p>Case laut Ma\u00dfangabe<br \/>  Innenma\u00dfe: L\u00e4nge 130cm, H\u00f6he 18cm, Tiefe 43cm<br \/> <br \/>\nAufstelldeckel,<br \/>\n2x Butterflyschlo\u00df mit \u00d6se,<br \/>\n1x Ledergriff<br \/> <br \/>\n7mm Caseholz Phenol braun,<br \/>\n23er Kante,<br \/>\nKugelecken<br \/> <br \/>\ninnen vollfl\u00e4chige Schaumstoffpolsterung 10mm<\/p>\n","protected":false},"excerpt":{"rendered":"<p>Case laut Ma\u00dfangabe Innenma\u00dfe: L\u00e4nge 130cm, H\u00f6he 18cm, Tiefe 43cm Aufstelldeckel, 2x Butterflyschlo\u00df mit \u00d6se, 1x Ledergriff 7mm Caseholz Phenol<\/p>\n","protected":false},"featured_media":33644,"template":"","meta":{"_acf_changed":false},"product_brand":[],"product_cat":[13494],"product_tag":[],"class_list":{"0":"post-52664","1":"product","2":"type-product","3":"status-publish","4":"has-post-thumbnail","6":"product_cat-custom-cases","8":"first","9":"instock","10":"taxable","11":"shipping-taxable","12":"purchasable","13":"product-type-simple"},"acf":[],"_links":{"self":[{"href":"https:\/\/megacase.com\/de\/wp-json\/wp\/v2\/product\/52664","targetHints":{"allow":["GET"]}}],"collection":[{"href":"https:\/\/megacase.com\/de\/wp-json\/wp\/v2\/product"}],"about":[{"href":"https:\/\/megacase.com\/de\/wp-json\/wp\/v2\/types\/product"}],"wp:featuredmedia":[{"embeddable":true,"href":"https:\/\/megacase.com\/de\/wp-json\/wp\/v2\/media\/33644"}],"wp:attachment":[{"href":"https:\/\/megacase.com\/de\/wp-json\/wp\/v2\/media?parent=52664"}],"wp:term":[{"taxonomy":"product_brand","embeddable":true,"href":"https:\/\/megacase.com\/de\/wp-json\/wp\/v2\/product_brand?post=52664"},{"taxonomy":"product_cat","embeddable":true,"href":"https:\/\/megacase.com\/de\/wp-json\/wp\/v2\/product_cat?post=52664"},{"taxonomy":"product_tag","embeddable":true,"href":"https:\/\/megacase.com\/de\/wp-json\/wp\/v2\/product_tag?post=52664"}],"curies":[{"name":"wp","href":"https:\/\/api.w.org\/{rel}","templated":true}]}}