{"id":52658,"date":"2011-01-31T00:00:00","date_gmt":"2011-01-30T23:00:00","guid":{"rendered":"https:\/\/mcx.sunlab.eu\/product\/live-haubencase-mit-schaumstoffpolsterung-fuer-einen-allen-heath-xone-dx\/"},"modified":"2026-03-25T14:43:40","modified_gmt":"2026-03-25T13:43:40","slug":"live-haubencase-mit-schaumstoffpolsterung-fuer-einen-allen-heath-xone-dx","status":"publish","type":"product","link":"https:\/\/megacase.com\/de\/produkt\/live-haubencase-mit-schaumstoffpolsterung-fuer-einen-allen-heath-xone-dx\/","title":{"rendered":"Flightcase Allen &#038; Heath Xone DX"},"content":{"rendered":"<p>ma\u00dfgefertigtes Haubencase f\u00fcr A&amp;H Xone DX aus 7mm Birkenmultiplex,<br \/>\n22 x 22 mm Alukante,<br \/>\nmind. 10 mm Schaumstoffpolsterung,<br \/>\n1 Koffergriff,<br \/>\n2 Butterfly-Verschl\u00fc\u00dfe mini,<br \/>\n4 Gummif\u00fc\u00dfe,<br \/>\nPlatz f\u00fcr Netzteil,<br \/>\nalle Anschl\u00fc\u00dfe frei zug\u00e4nglich,<br \/>\nhergestellt in Deutschland,<br \/>\nAu\u00dfenma\u00dfe ca. BxTxH 46,5 x 48 x 15,6 cm<br \/>\nGewicht ca. 5,1 kg,<br \/>\nGewicht mit Xone ca. 9,8 kg<\/p>\n","protected":false},"excerpt":{"rendered":"<p>ma\u00dfgefertigtes Haubencase f\u00fcr A&amp;H Xone DX aus 7mm Birkenmultiplex, 22 x 22 mm Alukante, mind. 10 mm Schaumstoffpolsterung, 1 Koffergriff,<\/p>\n","protected":false},"featured_media":11123,"template":"","meta":{"_acf_changed":false},"product_brand":[],"product_cat":[13491,13493],"product_tag":[15394],"class_list":{"0":"post-52658","1":"product","2":"type-product","3":"status-publish","4":"has-post-thumbnail","6":"product_cat-allen-heath","7":"product_cat-dj-equipment-cases","8":"product_tag-allen-heath-2","10":"first","11":"instock","12":"taxable","13":"shipping-taxable","14":"purchasable","15":"product-type-simple"},"acf":[],"_links":{"self":[{"href":"https:\/\/megacase.com\/de\/wp-json\/wp\/v2\/product\/52658","targetHints":{"allow":["GET"]}}],"collection":[{"href":"https:\/\/megacase.com\/de\/wp-json\/wp\/v2\/product"}],"about":[{"href":"https:\/\/megacase.com\/de\/wp-json\/wp\/v2\/types\/product"}],"wp:featuredmedia":[{"embeddable":true,"href":"https:\/\/megacase.com\/de\/wp-json\/wp\/v2\/media\/11123"}],"wp:attachment":[{"href":"https:\/\/megacase.com\/de\/wp-json\/wp\/v2\/media?parent=52658"}],"wp:term":[{"taxonomy":"product_brand","embeddable":true,"href":"https:\/\/megacase.com\/de\/wp-json\/wp\/v2\/product_brand?post=52658"},{"taxonomy":"product_cat","embeddable":true,"href":"https:\/\/megacase.com\/de\/wp-json\/wp\/v2\/product_cat?post=52658"},{"taxonomy":"product_tag","embeddable":true,"href":"https:\/\/megacase.com\/de\/wp-json\/wp\/v2\/product_tag?post=52658"}],"curies":[{"name":"wp","href":"https:\/\/api.w.org\/{rel}","templated":true}]}}