{"id":34467,"date":"2016-11-24T10:18:20","date_gmt":"2016-11-24T09:18:20","guid":{"rendered":"http:\/\/megacase.dev\/de\/product\/heavy-hauben-case\/"},"modified":"2026-04-05T09:51:56","modified_gmt":"2026-04-05T07:51:56","slug":"heavy-hauben-case","status":"publish","type":"product","link":"https:\/\/megacase.com\/de\/produkt\/heavy-hauben-case\/","title":{"rendered":"Heavy Hauben-Case"},"content":{"rendered":"<h3><span class=\"HwtZe\" lang=\"fr\"><span class=\"jCAhz ChMk0b\"><span class=\"ryNqvb\">Unsere Empfehlung f\u00fcr schwere Ausr\u00fcstung f\u00fcr anspruchsvolle Transportaufgaben.<\/span><\/span><\/span><\/h3>\n<ul>\n<li>Multiplex 9 mm<\/li>\n<li>Unterer Teil 72 mm au\u00dferhalb des Schaumstoffs<\/li>\n<li>Aluminiumkante 35x35x3 mm mit Nietennut.<\/li>\n<li>Schaumstoffpolsterung als Option<\/li>\n<li>Gro\u00dfe gestufte Kugelecken f\u00fcr 35 mm Aluminiumkanten.<\/li>\n<li>Gro\u00dfe L-f\u00f6rmige Ecken mit 6 L\u00f6chern<\/li>\n<li>Verschlussprofil M\u00e4nnlich\/weiblich 9 mm<\/li>\n<li>Gro\u00dfer Schmetterling mit Druckfeder<\/li>\n<li>Gro\u00dfe, umklappbare Griffe<\/li>\n<li>Rollen oder Schiebeb\u00e4nder<\/li>\n<\/ul>\n","protected":false},"excerpt":{"rendered":"<h3><span class=\"HwtZe\" lang=\"fr\"><span class=\"jCAhz ChMk0b\"><span class=\"ryNqvb\">Unsere Empfehlung f\u00fcr schwere Ausr\u00fcstung f\u00fcr anspruchsvolle Transportaufgaben.<\/span><\/span><\/span><\/h3>\n<ul>\n<li>Multiplex 9 mm<\/li>\n<li>Unterer Teil 72 mm au\u00dferhalb des Schaumstoffs<\/li>\n<li>Aluminiumkante 35x35x3 mm mit Nietennut.<\/li>\n<li>Schaumstoffpolsterung als Option<\/li>\n<li>Gro\u00dfe gestufte Kugelecken f\u00fcr 35 mm Aluminiumkanten.<\/li>\n<li>Gro\u00dfe L-f\u00f6rmige Ecken mit 6 L\u00f6chern<\/li>\n<li>Verschlussprofil M\u00e4nnlich\/weiblich 9 mm<\/li>\n<li>Gro\u00dfer Schmetterling mit Druckfeder<\/li>\n<li>Gro\u00dfe, umklappbare Griffe<\/li>\n<li>Rollen oder Schiebeb\u00e4nder<\/li>\n<\/ul>\n","protected":false},"featured_media":50571,"template":"","meta":{"_acf_changed":false},"product_brand":[],"product_cat":[12280],"product_tag":[],"class_list":{"0":"post-34467","1":"product","2":"type-product","3":"status-publish","4":"has-post-thumbnail","6":"product_cat-hauben-case","8":"first","9":"instock","10":"taxable","11":"shipping-taxable","12":"purchasable","13":"product-type-simple"},"acf":[],"_links":{"self":[{"href":"https:\/\/megacase.com\/de\/wp-json\/wp\/v2\/product\/34467","targetHints":{"allow":["GET"]}}],"collection":[{"href":"https:\/\/megacase.com\/de\/wp-json\/wp\/v2\/product"}],"about":[{"href":"https:\/\/megacase.com\/de\/wp-json\/wp\/v2\/types\/product"}],"wp:featuredmedia":[{"embeddable":true,"href":"https:\/\/megacase.com\/de\/wp-json\/wp\/v2\/media\/50571"}],"wp:attachment":[{"href":"https:\/\/megacase.com\/de\/wp-json\/wp\/v2\/media?parent=34467"}],"wp:term":[{"taxonomy":"product_brand","embeddable":true,"href":"https:\/\/megacase.com\/de\/wp-json\/wp\/v2\/product_brand?post=34467"},{"taxonomy":"product_cat","embeddable":true,"href":"https:\/\/megacase.com\/de\/wp-json\/wp\/v2\/product_cat?post=34467"},{"taxonomy":"product_tag","embeddable":true,"href":"https:\/\/megacase.com\/de\/wp-json\/wp\/v2\/product_tag?post=34467"}],"curies":[{"name":"wp","href":"https:\/\/api.w.org\/{rel}","templated":true}]}}