{"id":34465,"date":"2016-11-24T10:17:10","date_gmt":"2016-11-24T09:17:10","guid":{"rendered":"http:\/\/megacase.dev\/de\/product\/profi-hauben-case\/"},"modified":"2026-04-10T14:18:41","modified_gmt":"2026-04-10T12:18:41","slug":"profi-haube","status":"publish","type":"product","link":"https:\/\/megacase.com\/de\/produkt\/profi-haube\/","title":{"rendered":"Profi Hauben-Case"},"content":{"rendered":"<h3><span class=\"HwtZe\" lang=\"fr\"><span class=\"jCAhz ChMk0b\"><span class=\"ryNqvb\">Geeignetes technisches Ger\u00e4t, professionelle \u00d6fen u. \u00c4.<\/span><\/span><\/span><\/h3>\n<ul>\n<li>9mm Multiplex oder Polyboard<\/li>\n<li>H\u00f6he vom Boden 50mm<\/li>\n<li>Aluminiumprofile 30x30mm<\/li>\n<li>optional mit Schaumstoffpolsterung<\/li>\n<li>Kugelecken mittel\/gro\u00df<\/li>\n<li>L-f\u00f6rmige Ecken mittel mit 6 L\u00f6chern<\/li>\n<li>Mittelgro\u00dfe Schmetterlingsverschl\u00fcsse<\/li>\n<li>Klappgriffe<\/li>\n<li>Rollen oder Schiebeb\u00e4nder<\/li>\n<\/ul>\n","protected":false},"excerpt":{"rendered":"<h3><span class=\"HwtZe\" lang=\"fr\"><span class=\"jCAhz ChMk0b\"><span class=\"ryNqvb\">Geeignetes technisches Ger\u00e4t, professionelle \u00d6fen u. \u00c4.<\/span><\/span><\/span><\/h3>\n<ul>\n<li>9mm Multiplex oder Polyboard<\/li>\n<li>H\u00f6he vom Boden 50mm<\/li>\n<li>Aluminiumprofile 30x30mm<\/li>\n<li>optional mit Schaumstoffpolsterung<\/li>\n<li>Kugelecken mittel\/gro\u00df<\/li>\n<li>L-f\u00f6rmige Ecken mittel mit 6 L\u00f6chern<\/li>\n<li>Mittelgro\u00dfe Schmetterlingsverschl\u00fcsse<\/li>\n<li>Klappgriffe<\/li>\n<li>Rollen oder Schiebeb\u00e4nder<\/li>\n<\/ul>\n","protected":false},"featured_media":50575,"template":"","meta":{"_acf_changed":false},"product_brand":[],"product_cat":[12280],"product_tag":[],"class_list":{"0":"post-34465","1":"product","2":"type-product","3":"status-publish","4":"has-post-thumbnail","6":"product_cat-hauben-case","8":"first","9":"instock","10":"taxable","11":"shipping-taxable","12":"purchasable","13":"product-type-simple"},"acf":[],"_links":{"self":[{"href":"https:\/\/megacase.com\/de\/wp-json\/wp\/v2\/product\/34465","targetHints":{"allow":["GET"]}}],"collection":[{"href":"https:\/\/megacase.com\/de\/wp-json\/wp\/v2\/product"}],"about":[{"href":"https:\/\/megacase.com\/de\/wp-json\/wp\/v2\/types\/product"}],"wp:featuredmedia":[{"embeddable":true,"href":"https:\/\/megacase.com\/de\/wp-json\/wp\/v2\/media\/50575"}],"wp:attachment":[{"href":"https:\/\/megacase.com\/de\/wp-json\/wp\/v2\/media?parent=34465"}],"wp:term":[{"taxonomy":"product_brand","embeddable":true,"href":"https:\/\/megacase.com\/de\/wp-json\/wp\/v2\/product_brand?post=34465"},{"taxonomy":"product_cat","embeddable":true,"href":"https:\/\/megacase.com\/de\/wp-json\/wp\/v2\/product_cat?post=34465"},{"taxonomy":"product_tag","embeddable":true,"href":"https:\/\/megacase.com\/de\/wp-json\/wp\/v2\/product_tag?post=34465"}],"curies":[{"name":"wp","href":"https:\/\/api.w.org\/{rel}","templated":true}]}}