{"id":34451,"date":"2016-11-24T09:46:40","date_gmt":"2016-11-24T08:46:40","guid":{"rendered":"http:\/\/megacase.dev\/?post_type=product&#038;p=34451"},"modified":"2026-04-03T16:52:36","modified_gmt":"2026-04-03T14:52:36","slug":"rack-19-economy","status":"publish","type":"product","link":"https:\/\/megacase.com\/de\/produkt\/rack-19-economy\/","title":{"rendered":"Economy 19\" Rack"},"content":{"rendered":"<h3>Das 19&#8243;-Rack f\u00fcr ein geringes F\u00fcllgewicht und pers\u00f6nlichen Transport.<\/h3>\n<ul>\n<li>Abnehmbarer Deckel an Vorder- und R\u00fcckseite (Tiefe des Deckels 3,2 cm).<\/li>\n<li>7mm Materialst\u00e4rke<\/li>\n<li>Kantenschutz 22x22mm<\/li>\n<li>Rackschiene stufenlos verstellbar<\/li>\n<li>Verschiedene kleine Verschl\u00fcsse nach Wahl<\/li>\n<li>Verschiedene kleine Ecken zur Auswahl<\/li>\n<li>Verschiedene mittlere Griffe zur Auswahl<\/li>\n<\/ul>\n","protected":false},"excerpt":{"rendered":"<h3>F\u00fcr niedrige Gewichte<\/h3>\n","protected":false},"featured_media":50619,"template":"","meta":{"_acf_changed":false},"product_brand":[],"product_cat":[12272],"product_tag":[],"class_list":{"0":"post-34451","1":"product","2":"type-product","3":"status-publish","4":"has-post-thumbnail","6":"product_cat-19-rack","8":"first","9":"instock","10":"taxable","11":"shipping-taxable","12":"purchasable","13":"product-type-simple"},"acf":[],"_links":{"self":[{"href":"https:\/\/megacase.com\/de\/wp-json\/wp\/v2\/product\/34451","targetHints":{"allow":["GET"]}}],"collection":[{"href":"https:\/\/megacase.com\/de\/wp-json\/wp\/v2\/product"}],"about":[{"href":"https:\/\/megacase.com\/de\/wp-json\/wp\/v2\/types\/product"}],"wp:featuredmedia":[{"embeddable":true,"href":"https:\/\/megacase.com\/de\/wp-json\/wp\/v2\/media\/50619"}],"wp:attachment":[{"href":"https:\/\/megacase.com\/de\/wp-json\/wp\/v2\/media?parent=34451"}],"wp:term":[{"taxonomy":"product_brand","embeddable":true,"href":"https:\/\/megacase.com\/de\/wp-json\/wp\/v2\/product_brand?post=34451"},{"taxonomy":"product_cat","embeddable":true,"href":"https:\/\/megacase.com\/de\/wp-json\/wp\/v2\/product_cat?post=34451"},{"taxonomy":"product_tag","embeddable":true,"href":"https:\/\/megacase.com\/de\/wp-json\/wp\/v2\/product_tag?post=34451"}],"curies":[{"name":"wp","href":"https:\/\/api.w.org\/{rel}","templated":true}]}}