{"id":297904,"date":"2026-04-28T10:57:34","date_gmt":"2026-04-28T08:57:34","guid":{"rendered":"https:\/\/megacase.com\/?post_type=product&#038;p=297904"},"modified":"2026-04-28T11:00:37","modified_gmt":"2026-04-28T09:00:37","slug":"mixercase-ecler-nuo-4-nuo-5","status":"publish","type":"product","link":"https:\/\/megacase.com\/de\/produkt\/mixercase-ecler-nuo-4-nuo-5\/","title":{"rendered":"Mixercase Ecler Nuo 4 \/ Nuo 5"},"content":{"rendered":"<p>Robustes und praxisorientiertes Transportcase f\u00fcr den sicheren Einsatz eines Ecler Nuo 4 oder Nuo 5 DJ-Mixers. Entwickelt f\u00fcr den Live- und Touring-Betrieb, erm\u00f6glicht das Case einen schnellen Aufbau sowie den direkten Einsatz des Mixers im Unterteil \u2013 ideal f\u00fcr DJs, die Wert auf Effizienz und Schutz legen.<\/p>\n<p>Der Mixer kann im Case stehend betrieben werden, wodurch Auf- und Abbauzeiten deutlich reduziert werden. Hinter dem Ger\u00e4t befindet sich ein integrierter Stauraum mit ca. 10 cm Tiefe, der ausreichend Platz f\u00fcr Kabel und Zubeh\u00f6r bietet und gleichzeitig f\u00fcr eine saubere Verkabelung sorgt.<\/p>\n<p>Zwei Butterfly-Verschl\u00fcsse in mittlerer Ausf\u00fchrung sorgen f\u00fcr eine sichere Verriegelung, w\u00e4hrend ein stabiler Koffergriff den Transport erleichtert. Vier Gummif\u00fc\u00dfe gew\u00e4hrleisten einen rutschfesten Stand. Im Inneren sch\u00fctzt eine passgenaue Schaumstoffpolsterung zuverl\u00e4ssig vor St\u00f6\u00dfen und Vibrationen.<\/p>\n<p>Ausstattung:<br \/>\n6,8 mm Multiplex, phenolharzbeschichtet (braun)<br \/>\n25&#215;25 mm Aluminiumkanten<br \/>\n2 Butterfly-Verschl\u00fcsse (Mittel)<br \/>\n1 Koffergriff<br \/>\n4 L-Ecken (Medium)<br \/>\n4 Kugelecken (Mittel)<br \/>\n4 Kugelecken (Mittel) mit L-Ecke<br \/>\n4 Gummif\u00fc\u00dfe (25 \u00d7 15 mm)<br \/>\nSchaumstoffpolsterung<\/p>\n<p>Hergestellt in Deutschland<br \/>\nAu\u00dfenma\u00dfe BxTxH 390x550x195 mm<br \/>\nGewicht: 5,5 kg<\/p>\n","protected":false},"excerpt":{"rendered":"<p>Robustes und praxisorientiertes Transportcase f\u00fcr den sicheren Einsatz eines Ecler Nuo 4 oder Nuo 5 DJ-Mixers. Entwickelt f\u00fcr den Live-<\/p>\n","protected":false},"featured_media":297909,"template":"","meta":{"_acf_changed":false},"product_brand":[],"product_cat":[13493],"product_tag":[],"class_list":{"0":"post-297904","1":"product","2":"type-product","3":"status-publish","4":"has-post-thumbnail","6":"product_cat-dj-equipment-cases","8":"first","9":"instock","10":"taxable","11":"shipping-taxable","12":"purchasable","13":"product-type-simple"},"acf":[],"_links":{"self":[{"href":"https:\/\/megacase.com\/de\/wp-json\/wp\/v2\/product\/297904","targetHints":{"allow":["GET"]}}],"collection":[{"href":"https:\/\/megacase.com\/de\/wp-json\/wp\/v2\/product"}],"about":[{"href":"https:\/\/megacase.com\/de\/wp-json\/wp\/v2\/types\/product"}],"wp:featuredmedia":[{"embeddable":true,"href":"https:\/\/megacase.com\/de\/wp-json\/wp\/v2\/media\/297909"}],"wp:attachment":[{"href":"https:\/\/megacase.com\/de\/wp-json\/wp\/v2\/media?parent=297904"}],"wp:term":[{"taxonomy":"product_brand","embeddable":true,"href":"https:\/\/megacase.com\/de\/wp-json\/wp\/v2\/product_brand?post=297904"},{"taxonomy":"product_cat","embeddable":true,"href":"https:\/\/megacase.com\/de\/wp-json\/wp\/v2\/product_cat?post=297904"},{"taxonomy":"product_tag","embeddable":true,"href":"https:\/\/megacase.com\/de\/wp-json\/wp\/v2\/product_tag?post=297904"}],"curies":[{"name":"wp","href":"https:\/\/api.w.org\/{rel}","templated":true}]}}