{"id":297860,"date":"2026-04-28T10:42:54","date_gmt":"2026-04-28T08:42:54","guid":{"rendered":"https:\/\/megacase.com\/?post_type=product&#038;p=297860"},"modified":"2026-04-28T10:45:30","modified_gmt":"2026-04-28T08:45:30","slug":"haubencase-fuer-2x-fohhn-audio-xm-4-lautsprecher","status":"publish","type":"product","link":"https:\/\/megacase.com\/de\/produkt\/haubencase-fuer-2x-fohhn-audio-xm-4-lautsprecher\/","title":{"rendered":"Haubencase f\u00fcr 2\u00d7 Fohhn Audio XM-4 Lautsprecher"},"content":{"rendered":"<p>Haubencase f\u00fcr 2\u00d7 Fohhn Audio XM-4 Lautsprecher<\/p>\n<p>Stabiles und tourtaugliches Haubencase f\u00fcr den sicheren Transport von zwei Fohhn Audio XM-4 Lautsprechern. Die Konstruktion ist speziell auf den professionellen Einsatz im Live-, Event- und Touring-Bereich ausgelegt und bietet optimalen Schutz bei gleichzeitig hoher Alltagstauglichkeit.<\/p>\n<p>Im Inneren sorgt ein gepolstertes Trennbrett daf\u00fcr, dass beide Lautsprecher zuverl\u00e4ssig voneinander getrennt sind und w\u00e4hrend des Transports nicht aneinandersto\u00dfen. Der passgenaue Innenausbau mit Schaumstoff sch\u00fctzt die Ger\u00e4te zus\u00e4tzlich vor Ersch\u00fctterungen und Besch\u00e4digungen.<\/p>\n<p>F\u00fcr komfortables Handling ist das Case mit vier Klappgriffen ausgestattet. Vier Lenkrollen (100 mm), davon zwei gebremst, erm\u00f6glichen einen einfachen und sicheren Transport \u2013 auch bei h\u00f6herem Gewicht.<\/p>\n<p>Ausstattung:<br \/>\n6,8 mm Multiplex, phenolbeschichtet (braun)<br \/>\n30&#215;30 mm Aluminiumkanten<br \/>\n8 L-Ecken medium<br \/>\n4 Butterfly-Verschl\u00fcsse (Mittel)<br \/>\n4 Klappgriffe (Medium)<br \/>\n8 Kugelecken (Mittel)<br \/>\n4 Lenkrollen (100 mm), davon 2 gebremst<\/p>\n<p>Hergestellt in Deutschland<br \/>\nAu\u00dfenma\u00dfe BxTxH 791 x 521 x 807 mm<br \/>\nGewicht: 25,7 kg<\/p>\n","protected":false},"excerpt":{"rendered":"<p>Haubencase f\u00fcr 2\u00d7 Fohhn Audio XM-4 Lautsprecher Stabiles und tourtaugliches Haubencase f\u00fcr den sicheren Transport von zwei Fohhn Audio XM-4<\/p>\n","protected":false},"featured_media":297897,"template":"","meta":{"_acf_changed":false},"product_brand":[],"product_cat":[13579],"product_tag":[],"class_list":{"0":"post-297860","1":"product","2":"type-product","3":"status-publish","4":"has-post-thumbnail","6":"product_cat-audio-cases","8":"first","9":"instock","10":"taxable","11":"shipping-taxable","12":"purchasable","13":"product-type-simple"},"acf":[],"_links":{"self":[{"href":"https:\/\/megacase.com\/de\/wp-json\/wp\/v2\/product\/297860","targetHints":{"allow":["GET"]}}],"collection":[{"href":"https:\/\/megacase.com\/de\/wp-json\/wp\/v2\/product"}],"about":[{"href":"https:\/\/megacase.com\/de\/wp-json\/wp\/v2\/types\/product"}],"wp:featuredmedia":[{"embeddable":true,"href":"https:\/\/megacase.com\/de\/wp-json\/wp\/v2\/media\/297897"}],"wp:attachment":[{"href":"https:\/\/megacase.com\/de\/wp-json\/wp\/v2\/media?parent=297860"}],"wp:term":[{"taxonomy":"product_brand","embeddable":true,"href":"https:\/\/megacase.com\/de\/wp-json\/wp\/v2\/product_brand?post=297860"},{"taxonomy":"product_cat","embeddable":true,"href":"https:\/\/megacase.com\/de\/wp-json\/wp\/v2\/product_cat?post=297860"},{"taxonomy":"product_tag","embeddable":true,"href":"https:\/\/megacase.com\/de\/wp-json\/wp\/v2\/product_tag?post=297860"}],"curies":[{"name":"wp","href":"https:\/\/api.w.org\/{rel}","templated":true}]}}