{"id":297787,"date":"2026-04-28T10:25:23","date_gmt":"2026-04-28T08:25:23","guid":{"rendered":"https:\/\/megacase.com\/?post_type=product&#038;p=297787"},"modified":"2026-04-28T10:31:28","modified_gmt":"2026-04-28T08:31:28","slug":"pedalcase-g66-eu-flightcase-fuer-2x-fractal-vp4-am4-inkl-expression-pedale","status":"publish","type":"product","link":"https:\/\/megacase.com\/de\/produkt\/pedalcase-g66-eu-flightcase-fuer-2x-fractal-vp4-am4-inkl-expression-pedale\/","title":{"rendered":"Pedalcase G66.eu \u2013 Flightcase f\u00fcr 2\u00d7 Fractal VP4 \/ AM4 + 2x EV-1\/EV-2"},"content":{"rendered":"<p>Professionelles, ma\u00dfgefertigtes Pedalcase f\u00fcr den sicheren Transport und den komfortablen Betrieb von zwei Fractal VP4 oder AM4 Ger\u00e4ten inklusive zwei Expression-Pedalen (EV-1 oder EV-2). Die Konstruktion ist auf maximale Effizienz im Live- und Studioeinsatz ausgelegt.<\/p>\n<p>Zwei integrierte Pedalboards mit Kabelkan\u00e4len auf der R\u00fcckseite erm\u00f6glichen eine strukturierte und gesch\u00fctzte Verkabelung. S\u00e4mtliche Ger\u00e4te k\u00f6nnen direkt im Unterteil des Cases betrieben werden, wodurch Aufbauzeiten erheblich reduziert werden. Die abnehmbare Haube sorgt f\u00fcr schnellen Zugriff und optimalen Schutz w\u00e4hrend des Transports.<\/p>\n<p>Im Inneren sch\u00fctzt passgenauer Schaumstoff das Equipment zuverl\u00e4ssig vor St\u00f6\u00dfen und Vibrationen. <\/p>\n<p>Ausstattung:<br \/>\n6,8 mm Multiplex, Orange (RAL 2008)<br \/>\n22&#215;22 mm Aluminiumkanten<br \/>\n4 Butterfly-Verschl\u00fcsse (Mini)<br \/>\n1 Ledergriff<br \/>\n4 L-Ecken (Medium)<br \/>\n4 Kugelecken klein<br \/>\n4 Kugelecken klein mit L-Ecke<br \/>\n6 Gummif\u00fc\u00dfe (38 \u00d7 10 mm)<br \/>\nSchaumstoffpolsterung<\/p>\n<p>Hergestellt in Deutschland<br \/>\nAu\u00dfenma\u00dfe BxTxH 917x445x174 mm<br \/>\nGewicht: 10,7 kg<\/p>\n","protected":false},"excerpt":{"rendered":"<p>Professionelles, ma\u00dfgefertigtes Pedalcase f\u00fcr den sicheren Transport und den komfortablen Betrieb von zwei Fractal VP4 oder AM4 Ger\u00e4ten inklusive zwei<\/p>\n","protected":false},"featured_media":297852,"template":"","meta":{"_acf_changed":false},"product_brand":[],"product_cat":[15823],"product_tag":[],"class_list":{"0":"post-297787","1":"product","2":"type-product","3":"status-publish","4":"has-post-thumbnail","6":"product_cat-pedalcase","8":"first","9":"instock","10":"taxable","11":"shipping-taxable","12":"purchasable","13":"product-type-simple"},"acf":[],"_links":{"self":[{"href":"https:\/\/megacase.com\/de\/wp-json\/wp\/v2\/product\/297787","targetHints":{"allow":["GET"]}}],"collection":[{"href":"https:\/\/megacase.com\/de\/wp-json\/wp\/v2\/product"}],"about":[{"href":"https:\/\/megacase.com\/de\/wp-json\/wp\/v2\/types\/product"}],"wp:featuredmedia":[{"embeddable":true,"href":"https:\/\/megacase.com\/de\/wp-json\/wp\/v2\/media\/297852"}],"wp:attachment":[{"href":"https:\/\/megacase.com\/de\/wp-json\/wp\/v2\/media?parent=297787"}],"wp:term":[{"taxonomy":"product_brand","embeddable":true,"href":"https:\/\/megacase.com\/de\/wp-json\/wp\/v2\/product_brand?post=297787"},{"taxonomy":"product_cat","embeddable":true,"href":"https:\/\/megacase.com\/de\/wp-json\/wp\/v2\/product_cat?post=297787"},{"taxonomy":"product_tag","embeddable":true,"href":"https:\/\/megacase.com\/de\/wp-json\/wp\/v2\/product_tag?post=297787"}],"curies":[{"name":"wp","href":"https:\/\/api.w.org\/{rel}","templated":true}]}}