{"id":297620,"date":"2026-04-27T15:40:17","date_gmt":"2026-04-27T13:40:17","guid":{"rendered":"https:\/\/megacase.com\/?post_type=product&#038;p=297620"},"modified":"2026-04-27T15:40:17","modified_gmt":"2026-04-27T13:40:17","slug":"6he-live-rack-40-rsh","status":"publish","type":"product","link":"https:\/\/megacase.com\/de\/produkt\/6he-live-rack-40-rsh\/","title":{"rendered":"6HE Live Rack 40 + RSH"},"content":{"rendered":"<p>6HE Live Rack \u2013 Korpustiefe 40 cm<\/p>\n<p>Kompaktes und robustes 19&#8243;-Rack f\u00fcr den Live-Einsatz \u2013 ideal f\u00fcr den mobilen Einsatz auf der B\u00fchne oder im Studio. Mit einer Nutztiefe von 37 cm zwischen den Rackschienen bietet es ausreichend Platz f\u00fcr g\u00e4ngiges Rack-Equipment. Zwei abnehmbare Deckel erm\u00f6glichen schnellen Zugriff von vorne und hinten. Stufenlose Rackschienen mit Gummikeder vorne und hinten sorgen f\u00fcr sicheren Halt und schonen die eingebauten Ger\u00e4te. Hergestellt in Deutschland.<\/p>\n<p>Ausstattung:<br \/>\n&#8211; Nutzh\u00f6he: 6 HE<br \/>\n&#8211; Korpustiefe: 40 cm | Nutztiefe: 37 cm<br \/>\n&#8211; 2 abnehmbare Deckel<br \/>\n&#8211; Stufenlose Rackschienen mit Gummikeder vorne und hinten inkl. Schraubensatz<br \/>\n&#8211; Geh\u00e4use aus 6,8 mm Multiplex Phenolharz beschichtet braun<br \/>\n&#8211; 25&#215;25 mm Alukante<br \/>\n&#8211; Stahlkugelecken<br \/>\n&#8211; 4 gefederte Butterfly-Verschl\u00fcsse<br \/>\n&#8211; 2 Klappgriffe<br \/>\n&#8211; 4 Gummif\u00fc\u00dfe<\/p>\n<p>Au\u00dfenma\u00dfe: 555 x 555 x 415 mm (B x T x H) | Gewicht: 10,4 kg<\/p>\n","protected":false},"excerpt":{"rendered":"<p>6HE Live Rack \u2013 Korpustiefe 40 cm Kompaktes und robustes 19&#8243;-Rack f\u00fcr den Live-Einsatz \u2013 ideal f\u00fcr den mobilen Einsatz<\/p>\n","protected":false},"featured_media":297657,"template":"","meta":{"_acf_changed":false},"product_brand":[],"product_cat":[13510],"product_tag":[],"class_list":{"0":"post-297620","1":"product","2":"type-product","3":"status-publish","4":"has-post-thumbnail","6":"product_cat-racks","8":"first","9":"instock","10":"taxable","11":"shipping-taxable","12":"purchasable","13":"product-type-simple"},"acf":[],"_links":{"self":[{"href":"https:\/\/megacase.com\/de\/wp-json\/wp\/v2\/product\/297620","targetHints":{"allow":["GET"]}}],"collection":[{"href":"https:\/\/megacase.com\/de\/wp-json\/wp\/v2\/product"}],"about":[{"href":"https:\/\/megacase.com\/de\/wp-json\/wp\/v2\/types\/product"}],"wp:featuredmedia":[{"embeddable":true,"href":"https:\/\/megacase.com\/de\/wp-json\/wp\/v2\/media\/297657"}],"wp:attachment":[{"href":"https:\/\/megacase.com\/de\/wp-json\/wp\/v2\/media?parent=297620"}],"wp:term":[{"taxonomy":"product_brand","embeddable":true,"href":"https:\/\/megacase.com\/de\/wp-json\/wp\/v2\/product_brand?post=297620"},{"taxonomy":"product_cat","embeddable":true,"href":"https:\/\/megacase.com\/de\/wp-json\/wp\/v2\/product_cat?post=297620"},{"taxonomy":"product_tag","embeddable":true,"href":"https:\/\/megacase.com\/de\/wp-json\/wp\/v2\/product_tag?post=297620"}],"curies":[{"name":"wp","href":"https:\/\/api.w.org\/{rel}","templated":true}]}}