{"id":297613,"date":"2026-04-28T11:10:37","date_gmt":"2026-04-28T09:10:37","guid":{"rendered":"https:\/\/megacase.com\/?post_type=product&#038;p=297613"},"modified":"2026-04-28T11:13:34","modified_gmt":"2026-04-28T09:13:34","slug":"haubencase-fuer-korg-kaoss-pad-v","status":"publish","type":"product","link":"https:\/\/megacase.com\/de\/produkt\/haubencase-fuer-korg-kaoss-pad-v\/","title":{"rendered":"Haubencase f\u00fcr Korg Kaoss Pad V"},"content":{"rendered":"<p>Kompaktes und robustes Haubencase f\u00fcr den sicheren Transport eines Korg Kaoss Pad V Effektger\u00e4ts. Die Konstruktion erm\u00f6glicht die direkte Bedienung des Ger\u00e4ts im Unterteil, wodurch ein schneller und effizienter Einsatz auf B\u00fchne oder im Studio gew\u00e4hrleistet ist.<\/p>\n<p>Ein integrierter Kabelkanal mit ca. 10 cm Platz bietet ausreichend Raum f\u00fcr angeschlossene Kabel, sodass diese gesteckt bleiben k\u00f6nnen und der Aufbau deutlich erleichtert wird. Die passgenaue Schaumstoffpolsterung sch\u00fctzt das Ger\u00e4t zuverl\u00e4ssig vor St\u00f6\u00dfen und Ersch\u00fctterungen. F\u00fcr einen sicheren Stand befinden sich an der Unterseite 4 Gummif\u00fc\u00dfe.<\/p>\n<p>Gefertigt aus stabilem Polyboard in schwarzer Ausf\u00fchrung und verst\u00e4rkt durch Aluminiumprofile sowie Schutzecken, ist das Case optimal f\u00fcr den mobilen Einsatz geeignet.<\/p>\n<p>Ausstattung:<br \/>\n6,5 mm Polyboard schwarz<br \/>\n22 x 22 mm Aluminiumkanten<br \/>\n2 Butterfly-Verschl\u00fcsse (Mini)<br \/>\n1 stabiler Koffergriff<br \/>\n4 Kugelecken (klein)<br \/>\n4 Kugelecken (klein) mit L-Ecke<br \/>\n4 Gummif\u00fc\u00dfe (25 x 15 mm)<br \/>\nSchaumstoffpolsterung<\/p>\n<p>** Hinweis: abgebildete Ger\u00e4te dienen nur der Veranschaulichung und sind KEIN Bestandteil des Angebotes.<\/p>\n<p>Hergestellt in Deutschland<br \/>\nAu\u00dfenma\u00dfe BxTxH 1277 x 385 x 148 mm<br \/>\nGewicht: 3 kg<\/p>\n","protected":false},"excerpt":{"rendered":"<p>Kompaktes und robustes Haubencase f\u00fcr den sicheren Transport eines Korg Kaoss Pad V Effektger\u00e4ts. Die Konstruktion erm\u00f6glicht die direkte Bedienung<\/p>\n","protected":false},"featured_media":298008,"template":"","meta":{"_acf_changed":false},"product_brand":[],"product_cat":[15823],"product_tag":[],"class_list":{"0":"post-297613","1":"product","2":"type-product","3":"status-publish","4":"has-post-thumbnail","6":"product_cat-pedalcase","8":"first","9":"instock","10":"taxable","11":"shipping-taxable","12":"purchasable","13":"product-type-simple"},"acf":[],"_links":{"self":[{"href":"https:\/\/megacase.com\/de\/wp-json\/wp\/v2\/product\/297613","targetHints":{"allow":["GET"]}}],"collection":[{"href":"https:\/\/megacase.com\/de\/wp-json\/wp\/v2\/product"}],"about":[{"href":"https:\/\/megacase.com\/de\/wp-json\/wp\/v2\/types\/product"}],"wp:featuredmedia":[{"embeddable":true,"href":"https:\/\/megacase.com\/de\/wp-json\/wp\/v2\/media\/298008"}],"wp:attachment":[{"href":"https:\/\/megacase.com\/de\/wp-json\/wp\/v2\/media?parent=297613"}],"wp:term":[{"taxonomy":"product_brand","embeddable":true,"href":"https:\/\/megacase.com\/de\/wp-json\/wp\/v2\/product_brand?post=297613"},{"taxonomy":"product_cat","embeddable":true,"href":"https:\/\/megacase.com\/de\/wp-json\/wp\/v2\/product_cat?post=297613"},{"taxonomy":"product_tag","embeddable":true,"href":"https:\/\/megacase.com\/de\/wp-json\/wp\/v2\/product_tag?post=297613"}],"curies":[{"name":"wp","href":"https:\/\/api.w.org\/{rel}","templated":true}]}}