{"id":297325,"date":"2026-04-27T10:52:00","date_gmt":"2026-04-27T08:52:00","guid":{"rendered":"https:\/\/megacase.com\/?post_type=product&#038;p=297325"},"modified":"2026-04-27T10:55:13","modified_gmt":"2026-04-27T08:55:13","slug":"koffercase-4-l-acoustics-5xt-zubehoerfach","status":"publish","type":"product","link":"https:\/\/megacase.com\/de\/produkt\/koffercase-4-l-acoustics-5xt-zubehoerfach\/","title":{"rendered":"Koffercase 4 L-Acoustics 5XT + Zubeh\u00f6rfach"},"content":{"rendered":"<p>Robustes und praxisorientiertes Transportcase f\u00fcr vier L-Acoustics 5XT Lautsprecher. Das Case ist wahlweise mit oder ohne B\u00fcgel ETR5 verwendbar. Im vorderen Bereich befindet sich ein integriertes, mit Nadelfilz ausgekleidetes Zubeh\u00f6rfach, das ausreichend Platz f\u00fcr Kabel und weiteres Equipment bietet.<\/p>\n<p>Gefertigt aus hochwertigem Multiplex-Holz mit strapazierf\u00e4higer schwarzer PVC-Beschichtung, bietet das Case optimalen Schutz im harten Touralltag. Stabilit\u00e4t und Langlebigkeit werden durch Stahlkugelecken und umlaufende Aluminiumprofile gew\u00e4hrleistet. Ideal f\u00fcr den sicheren Transport und die professionelle Lagerung im Veranstaltungs- und Touring-Bereich.<\/p>\n<p>Ausstattung:<br \/>\n6,8 mm Multiplex, schwarz PVC-beschichtet<br \/>\n25 x 25 mm Aluminiumkanten<br \/>\n4 L-Ecken medium<br \/>\n3 Klappgriffe (Medium) f\u00fcr komfortables Handling<br \/>\n2 Butterfly-Verschl\u00fcsse (mittel)<br \/>\n2 Feststellscharniere gro\u00df<br \/>\n8 Stahlkugelecken mittel<br \/>\nInnenausbau aus 9 mm Multiplex mit passgenauer Schaumstoffpolsterung<\/p>\n<p>Hergestellt in Deutschland<br \/>\nAu\u00dfenma\u00dfe BxTxH 510x545x260 mm<br \/>\nGewicht: 11 kg<\/p>\n","protected":false},"excerpt":{"rendered":"<p>Robustes und praxisorientiertes Transportcase f\u00fcr vier L-Acoustics 5XT Lautsprecher. Das Case ist wahlweise mit oder ohne B\u00fcgel ETR5 verwendbar. Im<\/p>\n","protected":false},"featured_media":297354,"template":"","meta":{"_acf_changed":false},"product_brand":[],"product_cat":[13579],"product_tag":[],"class_list":{"0":"post-297325","1":"product","2":"type-product","3":"status-publish","4":"has-post-thumbnail","6":"product_cat-audio-cases","7":"product_shipping_class-15e","9":"first","10":"instock","11":"taxable","12":"shipping-taxable","13":"purchasable","14":"product-type-simple"},"acf":[],"_links":{"self":[{"href":"https:\/\/megacase.com\/de\/wp-json\/wp\/v2\/product\/297325","targetHints":{"allow":["GET"]}}],"collection":[{"href":"https:\/\/megacase.com\/de\/wp-json\/wp\/v2\/product"}],"about":[{"href":"https:\/\/megacase.com\/de\/wp-json\/wp\/v2\/types\/product"}],"wp:featuredmedia":[{"embeddable":true,"href":"https:\/\/megacase.com\/de\/wp-json\/wp\/v2\/media\/297354"}],"wp:attachment":[{"href":"https:\/\/megacase.com\/de\/wp-json\/wp\/v2\/media?parent=297325"}],"wp:term":[{"taxonomy":"product_brand","embeddable":true,"href":"https:\/\/megacase.com\/de\/wp-json\/wp\/v2\/product_brand?post=297325"},{"taxonomy":"product_cat","embeddable":true,"href":"https:\/\/megacase.com\/de\/wp-json\/wp\/v2\/product_cat?post=297325"},{"taxonomy":"product_tag","embeddable":true,"href":"https:\/\/megacase.com\/de\/wp-json\/wp\/v2\/product_tag?post=297325"}],"curies":[{"name":"wp","href":"https:\/\/api.w.org\/{rel}","templated":true}]}}