{"id":297058,"date":"2026-04-22T10:29:34","date_gmt":"2026-04-22T08:29:34","guid":{"rendered":"https:\/\/megacase.com\/?post_type=product&#038;p=297058"},"modified":"2026-04-22T10:40:38","modified_gmt":"2026-04-22T08:40:38","slug":"haubencase-blackmagic-atem-mini-extreme-iso-g2","status":"publish","type":"product","link":"https:\/\/megacase.com\/de\/produkt\/haubencase-blackmagic-atem-mini-extreme-iso-g2\/","title":{"rendered":"Haubencase Blackmagic Atem Mini Extreme ISO G2"},"content":{"rendered":"<p>Dieses passgenaue Haubencase wurde speziell f\u00fcr den Blackmagic ATEM Mini Extreme ISO G2 entwickelt und vereint sicheren Schutz mit maximaler Funktionalit\u00e4t im Einsatz.<\/p>\n<p>Ein besonderes Highlight ist der integrierte Freiraum von 90 mm hinter dem Ger\u00e4t. Dadurch bleiben s\u00e4mtliche Anschl\u00fcsse jederzeit frei zug\u00e4nglich, und der ATEM kann direkt im Unterteil des Cases komfortabel bedient werden \u2013 ideal f\u00fcr den schnellen Einsatz im Studio oder auf Produktionen.<\/p>\n<p>Das Case besteht aus robustem 6,8 mm Multiplex mit strapazierf\u00e4higer Beschichtung in schwarz und bietet eine langlebige sowie professionelle L\u00f6sung f\u00fcr den t\u00e4glichen Gebrauch. Die stabilen umlaufenden Aluminiumprofile sorgen zus\u00e4tzlich f\u00fcr hohe Formstabilit\u00e4t.<\/p>\n<p>8 Stahlkugelecken sch\u00fctzen das Case zuverl\u00e4ssig vor St\u00f6\u00dfen und Abnutzung. Zwei Mini-Butterfly-Verschl\u00fcsse gew\u00e4hrleisten ein sicheres Verschlie\u00dfen, w\u00e4hrend ein stabiler Koffergriff einen bequemen Transport erm\u00f6glicht.<\/p>\n<p>Im Inneren sorgt eine passgenaue Schaumstoffpolsterung f\u00fcr optimalen Halt und sch\u00fctzt das Ger\u00e4t zuverl\u00e4ssig vor Ersch\u00fctterungen. Vier Gummif\u00fc\u00dfe sorgen zudem f\u00fcr einen sicheren Stand und schonen empfindliche Oberfl\u00e4chen.<\/p>\n<p>Ausstattung:<br \/>\n6,8 mm Multiplex schwarz RAL 9004<br \/>\n22 x 22 mm Aluminiumprofil<br \/>\n4 L-Ecken klein<br \/>\n2 Mini-Butterfly-Verschl\u00fcsse<br \/>\n1 Koffergriff<br \/>\n8 Stahlkugelecken klein<br \/>\n4 Gummif\u00fc\u00dfe 25&#215;15 mm<br \/>\nSchaumstoffpolsterung<\/p>\n<p>** Hinweis: abgebildete Ger\u00e4te dienen nur der Veranschaulichung und sind KEIN Bestandteil des Angebotes.<\/p>\n<p>Hergestellt in Deutschland<br \/>\nAu\u00dfenma\u00dfe BxTxH 480x303x134 mm<br \/>\nGewicht: 3,9 kg<\/p>\n","protected":false},"excerpt":{"rendered":"<p>Dieses passgenaue Haubencase wurde speziell f\u00fcr den Blackmagic ATEM Mini Extreme ISO G2 entwickelt und vereint sicheren Schutz mit maximaler<\/p>\n","protected":false},"featured_media":297099,"template":"","meta":{"_acf_changed":false},"product_brand":[],"product_cat":[16061],"product_tag":[15803],"class_list":{"0":"post-297058","1":"product","2":"type-product","3":"status-publish","4":"has-post-thumbnail","6":"product_cat-cases-fuer-video-equipment","7":"product_tag-blackmagic","8":"product_shipping_class-15e","10":"first","11":"instock","12":"taxable","13":"shipping-taxable","14":"purchasable","15":"product-type-simple"},"acf":[],"_links":{"self":[{"href":"https:\/\/megacase.com\/de\/wp-json\/wp\/v2\/product\/297058","targetHints":{"allow":["GET"]}}],"collection":[{"href":"https:\/\/megacase.com\/de\/wp-json\/wp\/v2\/product"}],"about":[{"href":"https:\/\/megacase.com\/de\/wp-json\/wp\/v2\/types\/product"}],"wp:featuredmedia":[{"embeddable":true,"href":"https:\/\/megacase.com\/de\/wp-json\/wp\/v2\/media\/297099"}],"wp:attachment":[{"href":"https:\/\/megacase.com\/de\/wp-json\/wp\/v2\/media?parent=297058"}],"wp:term":[{"taxonomy":"product_brand","embeddable":true,"href":"https:\/\/megacase.com\/de\/wp-json\/wp\/v2\/product_brand?post=297058"},{"taxonomy":"product_cat","embeddable":true,"href":"https:\/\/megacase.com\/de\/wp-json\/wp\/v2\/product_cat?post=297058"},{"taxonomy":"product_tag","embeddable":true,"href":"https:\/\/megacase.com\/de\/wp-json\/wp\/v2\/product_tag?post=297058"}],"curies":[{"name":"wp","href":"https:\/\/api.w.org\/{rel}","templated":true}]}}