{"id":297004,"date":"2026-04-22T09:36:08","date_gmt":"2026-04-22T07:36:08","guid":{"rendered":"https:\/\/megacase.com\/?post_type=product&#038;p=297004"},"modified":"2026-04-22T09:57:40","modified_gmt":"2026-04-22T07:57:40","slug":"asm-leviasynth-keyboard-case-typ1-61-pvc","status":"publish","type":"product","link":"https:\/\/megacase.com\/de\/produkt\/asm-leviasynth-keyboard-case-typ1-61-pvc\/","title":{"rendered":"ASM Leviasynth Keyboard Case Typ1-61 PVC"},"content":{"rendered":"<p>Dieses hochwertige Keyboard Case wurde speziell f\u00fcr Ihren ASM Leviasynth Keyboard Synthesizer entwickelt und bietet optimalen Schutz beim Transport und bei der Lagerung. Gefertigt aus stabilem 7 mm starkem Wabenkunststoff (PVC), \u00fcberzeugt das Case durch seine hohe Widerstandsf\u00e4higkeit bei gleichzeitig geringem Gewicht.<\/p>\n<p>Die elegante schwarze Ausf\u00fchrung wird durch eine robuste 25&#215;25 mm Aluminiumkante erg\u00e4nzt, die zus\u00e4tzliche Stabilit\u00e4t und Langlebigkeit gew\u00e4hrleistet. Ausgestattet mit einem Ledergriff, zwei Schnappschl\u00f6ssern mit \u00d6se, zwei gro\u00dfen Feststellscharnieren und acht mittleren Kugelecken, vereint dieses Case Funktionalit\u00e4t und Stil, hergestellt mit Pr\u00e4zision in Deutschland.<\/p>\n<p>Im Inneren gew\u00e4hrleistet eine individuell angepasste Schaumstoffpolsterung den perfekten Sitz des Instruments und sch\u00fctzt es optimal vor Ersch\u00fctterungen.<\/p>\n<p>Ausstattung:<br \/>\n7 mm Wabenkunststoff (PVC)<br \/>\nFarbe: Schwarz<br \/>\n25&#215;25 mm Aluminiumkante<br \/>\n4 L-Ecken (medium)<br \/>\n8 Kugelecken (mittel)<br \/>\n2 Schnappschl\u00f6sser mit \u00d6se<br \/>\n1 Ledergriff<br \/>\n2 gro\u00dfe Feststellscharniere<br \/>\nSchaumstoffpolsterung<\/p>\n<p>** Hinweis: abgebildete Ger\u00e4te dienen nur der Veranschaulichung und sind KEIN Bestandteil des Angebotes.<\/p>\n<p>Hergestellt in Deutschland<br \/>\nAu\u00dfenma\u00dfe ca. 1027x450x180mm<br \/>\nGewicht ca. 6,7Kg \/ mit Ger\u00e4t 18,8 Kg<\/p>\n","protected":false},"excerpt":{"rendered":"<p>Dieses hochwertige Keyboard Case wurde speziell f\u00fcr Ihren ASM Leviasynth Keyboard Synthesizer entwickelt und bietet optimalen Schutz beim Transport und<\/p>\n","protected":false},"featured_media":297037,"template":"","meta":{"_acf_changed":false},"product_brand":[],"product_cat":[13511],"product_tag":[],"class_list":{"0":"post-297004","1":"product","2":"type-product","3":"status-publish","4":"has-post-thumbnail","6":"product_cat-keyboard-cases","7":"product_shipping_class-15e","9":"first","10":"instock","11":"taxable","12":"shipping-taxable","13":"purchasable","14":"product-type-simple"},"acf":[],"_links":{"self":[{"href":"https:\/\/megacase.com\/de\/wp-json\/wp\/v2\/product\/297004","targetHints":{"allow":["GET"]}}],"collection":[{"href":"https:\/\/megacase.com\/de\/wp-json\/wp\/v2\/product"}],"about":[{"href":"https:\/\/megacase.com\/de\/wp-json\/wp\/v2\/types\/product"}],"wp:featuredmedia":[{"embeddable":true,"href":"https:\/\/megacase.com\/de\/wp-json\/wp\/v2\/media\/297037"}],"wp:attachment":[{"href":"https:\/\/megacase.com\/de\/wp-json\/wp\/v2\/media?parent=297004"}],"wp:term":[{"taxonomy":"product_brand","embeddable":true,"href":"https:\/\/megacase.com\/de\/wp-json\/wp\/v2\/product_brand?post=297004"},{"taxonomy":"product_cat","embeddable":true,"href":"https:\/\/megacase.com\/de\/wp-json\/wp\/v2\/product_cat?post=297004"},{"taxonomy":"product_tag","embeddable":true,"href":"https:\/\/megacase.com\/de\/wp-json\/wp\/v2\/product_tag?post=297004"}],"curies":[{"name":"wp","href":"https:\/\/api.w.org\/{rel}","templated":true}]}}