{"id":296462,"date":"2026-03-30T12:30:06","date_gmt":"2026-03-30T10:30:06","guid":{"rendered":"https:\/\/megacase.com\/?post_type=product&#038;p=296462"},"modified":"2026-03-31T12:02:03","modified_gmt":"2026-03-31T10:02:03","slug":"heavy-flip-case-allenheath-qu-7-qu-7d","status":"publish","type":"product","link":"https:\/\/megacase.com\/de\/produkt\/heavy-flip-case-allenheath-qu-7-qu-7d\/","title":{"rendered":"Heavy Flip Case Allen&amp;Heath QU-7 \/ QU-7D"},"content":{"rendered":"<p>Heavy Flipcase f\u00fcr Allen &amp; Heath QU-7 \/ QU-7D Mischpult mit Mischpultwanne<\/p>\n<p>Gefertigt wird ein besonders robustes und tourtaugliches Heavy Flipcase f\u00fcr das Allen &amp; Heath QU-7 bzw. QU-7D Mischpult, ausgelegt f\u00fcr den anspruchsvollen Einsatz im professionellen Touring- und Veranstaltungsbereich.<\/p>\n<p>Das Case verf\u00fcgt \u00fcber eine Mischpultwanne, die maximale Flexibilit\u00e4t im Einsatz erm\u00f6glicht. Das Mischpult kann sowohl sicher im Case betrieben als auch schnell entnommen werden.<\/p>\n<p>Im hinteren Bereich ist ein gro\u00dfz\u00fcgiger, abschlie\u00dfbarer Kabelkanal-Kasten mit 15 cm Tiefe integriert. Dieser ist mit L\u00fcftungsschlitzen ausgestattet und verf\u00fcgt \u00fcber seitliche Kabelzug\u00e4nge, wodurch eine saubere Verkabelung sowie eine optimale Luftzirkulation gew\u00e4hrleistet sind \u2013 ideal f\u00fcr den dauerhaften Live-Betrieb.<\/p>\n<p>F\u00fcr komfortables Handling ist das Case mit eingelassenen Kanteneinbaugriffen sowie insgesamt 8 gro\u00dfen Klappgriffen ausgestattet, die auch bei h\u00f6herem Gewicht ein sicheres Tragen erm\u00f6glichen. Zus\u00e4tzlich befindet sich im Deckel eine Tourlabelschale zur eindeutigen Kennzeichnung im Touring-Alltag.<\/p>\n<p>Die T\u00fcren sind jeweils mit praktischen Zubeh\u00f6rf\u00e4chern ausgestattet, die zus\u00e4tzlichen Stauraum f\u00fcr Kabel, Adapter oder Zubeh\u00f6r bieten. F\u00fcr maximale Mobilit\u00e4t sorgen stabile 100 mm Lenkrollen, davon 2 mit Feststellbremse, die einen sicheren Stand am Einsatzort gew\u00e4hrleisten.<\/p>\n<p>Der Innenausbau erfolgt mit angepassten Seitenwangen und passgenauem Schaumstoff, wodurch das Mischpult optimal fixiert und zuverl\u00e4ssig vor St\u00f6\u00dfen, Vibrationen und Transportsch\u00e4den gesch\u00fctzt wird. Eine Vorbereitung f\u00fcr t.racks Power 3 USB sowie K&amp;M 49302 ist ebenfalls vorgesehen.<\/p>\n<p>Dieses Heavy Flipcase ist die ideale L\u00f6sung f\u00fcr professionelle Anwender, die h\u00f6chste Anspr\u00fcche an Schutz, Funktionalit\u00e4t und Langlebigkeit stellen.<\/p>\n<p>Ausstattung:<br \/>\n9 mm Multiplex schwarz RAL9004<br \/>\n35&#215;35 mm Aluminiumprofil<br \/>\n10 L-Ecken gro\u00df<br \/>\n4 Butterfly-Verschl\u00fcsse gro\u00df<br \/>\n2 L-Scharniere heavy<br \/>\n6 Scharniere 6-Loch<br \/>\n8 Klappgriff gefedert gro\u00df<br \/>\n2 Kanteneinbaugriffe<br \/>\n1 Tourlabelschalee<br \/>\n8 Kugelecken gro\u00df gestuft<br \/>\n2 Riegelverschlu\u00df + Blende<br \/>\n4 Anschraubscharniere<br \/>\n4 Lenkrollen, davon 2 gebremst<br \/>\nSchaumstoffpolsterung<\/p>\n<p>Hergestellt in Deutschland<br \/>\nAu\u00dfenma\u00dfe BxTxH: ca. 1020x545x1147mm<br \/>\nGewicht: ca. 80,1 Kg<\/p>\n","protected":false},"excerpt":{"rendered":"<p>Heavy Flipcase f\u00fcr Allen &amp; Heath QU-7 \/ QU-7D Mischpult mit Mischpultwanne Gefertigt wird ein besonders robustes und tourtaugliches Heavy<\/p>\n","protected":false},"featured_media":296463,"template":"","meta":{"_acf_changed":false},"product_brand":[],"product_cat":[13495],"product_tag":[],"class_list":{"0":"post-296462","1":"product","2":"type-product","3":"status-publish","4":"has-post-thumbnail","6":"product_cat-mischpult-cases","8":"first","9":"instock","10":"taxable","11":"shipping-taxable","12":"purchasable","13":"product-type-simple"},"acf":[],"_links":{"self":[{"href":"https:\/\/megacase.com\/de\/wp-json\/wp\/v2\/product\/296462","targetHints":{"allow":["GET"]}}],"collection":[{"href":"https:\/\/megacase.com\/de\/wp-json\/wp\/v2\/product"}],"about":[{"href":"https:\/\/megacase.com\/de\/wp-json\/wp\/v2\/types\/product"}],"wp:featuredmedia":[{"embeddable":true,"href":"https:\/\/megacase.com\/de\/wp-json\/wp\/v2\/media\/296463"}],"wp:attachment":[{"href":"https:\/\/megacase.com\/de\/wp-json\/wp\/v2\/media?parent=296462"}],"wp:term":[{"taxonomy":"product_brand","embeddable":true,"href":"https:\/\/megacase.com\/de\/wp-json\/wp\/v2\/product_brand?post=296462"},{"taxonomy":"product_cat","embeddable":true,"href":"https:\/\/megacase.com\/de\/wp-json\/wp\/v2\/product_cat?post=296462"},{"taxonomy":"product_tag","embeddable":true,"href":"https:\/\/megacase.com\/de\/wp-json\/wp\/v2\/product_tag?post=296462"}],"curies":[{"name":"wp","href":"https:\/\/api.w.org\/{rel}","templated":true}]}}