{"id":296369,"date":"2026-03-30T11:55:35","date_gmt":"2026-03-30T09:55:35","guid":{"rendered":"https:\/\/megacase.com\/?post_type=product&#038;p=296369"},"modified":"2026-03-30T11:58:36","modified_gmt":"2026-03-30T09:58:36","slug":"live-haube-alto-tmd-16","status":"publish","type":"product","link":"https:\/\/megacase.com\/de\/produkt\/live-haube-alto-tmd-16\/","title":{"rendered":"Live Haube Alto TMD 16"},"content":{"rendered":"<p>Robuste und praxisorientierte Live-Haube f\u00fcr das Mischpult Alto TMD 16, inklusive funktionalem Unterteil f\u00fcr den direkten Einsatz im Live-Betrieb.<\/p>\n<p>Ein integrierter Kabelkanal mit 10 cm Tiefe hinter dem Ger\u00e4t erm\u00f6glicht eine saubere und dauerhafte Verkabelung, ohne dass Kabel beim Transport entfernt werden m\u00fcssen.<br \/>\nDas Mischpult bleibt im Unterteil vollst\u00e4ndig bedienbar, was einen schnellen Aufbau und Einsatz vor Ort erm\u00f6glicht.<\/p>\n<p>Die Haube wird mit 4 Butterfly-Verschl\u00fcssen sicher fixiert, ein Klappgriff erm\u00f6glicht komfortables Handling und Transport.<br \/>\nF\u00fcr einen sicheren Stand ist das Case mit 4 Gummif\u00fc\u00dfen (38 x 20 mm) ausgestattet.<\/p>\n<p>Der Innenausbau erfolgt passgenau und wird durch hochwertigen Schaumstoff erg\u00e4nzt, der das Mischpult zuverl\u00e4ssig vor St\u00f6\u00dfen und Vibrationen sch\u00fctzt.<\/p>\n<p>Ausstattung:<br \/>\n6,8 mm Multiplex-Holz Phenol braun<br \/>\n25&#215;25 mm Aluminiumprofil<br \/>\n4 L-Ecken medium<br \/>\n1 Klappgriff medium<br \/>\n4 Butterfly-Verschl\u00fcsse mittel<br \/>\n8 Stahlkugelecken mittel<br \/>\n4 Gummif\u00fc\u00dfe 38&#215;20 mm<br \/>\nSchaumstoffpolsterung<\/p>\n<p>** Hinweis: abgebildete Ger\u00e4te dienen nur der Veranschaulichung und sind KEIN Bestandteil des Angebotes.<\/p>\n<p>Hergestellt in Deutschland<br \/>\nAu\u00dfenma\u00dfe ca. BxTxH 454x574x216mm<br \/>\nGewicht ca. 7,5Kg<\/p>\n","protected":false},"excerpt":{"rendered":"<p>Robuste und praxisorientierte Live-Haube f\u00fcr das Mischpult Alto TMD 16, inklusive funktionalem Unterteil f\u00fcr den direkten Einsatz im Live-Betrieb. Ein<\/p>\n","protected":false},"featured_media":296370,"template":"","meta":{"_acf_changed":false},"product_brand":[],"product_cat":[13495],"product_tag":[],"class_list":{"0":"post-296369","1":"product","2":"type-product","3":"status-publish","4":"has-post-thumbnail","6":"product_cat-mischpult-cases","8":"first","9":"instock","10":"taxable","11":"shipping-taxable","12":"purchasable","13":"product-type-simple"},"acf":[],"_links":{"self":[{"href":"https:\/\/megacase.com\/de\/wp-json\/wp\/v2\/product\/296369","targetHints":{"allow":["GET"]}}],"collection":[{"href":"https:\/\/megacase.com\/de\/wp-json\/wp\/v2\/product"}],"about":[{"href":"https:\/\/megacase.com\/de\/wp-json\/wp\/v2\/types\/product"}],"wp:featuredmedia":[{"embeddable":true,"href":"https:\/\/megacase.com\/de\/wp-json\/wp\/v2\/media\/296370"}],"wp:attachment":[{"href":"https:\/\/megacase.com\/de\/wp-json\/wp\/v2\/media?parent=296369"}],"wp:term":[{"taxonomy":"product_brand","embeddable":true,"href":"https:\/\/megacase.com\/de\/wp-json\/wp\/v2\/product_brand?post=296369"},{"taxonomy":"product_cat","embeddable":true,"href":"https:\/\/megacase.com\/de\/wp-json\/wp\/v2\/product_cat?post=296369"},{"taxonomy":"product_tag","embeddable":true,"href":"https:\/\/megacase.com\/de\/wp-json\/wp\/v2\/product_tag?post=296369"}],"curies":[{"name":"wp","href":"https:\/\/api.w.org\/{rel}","templated":true}]}}