{"id":296240,"date":"2026-03-26T12:44:57","date_gmt":"2026-03-26T11:44:57","guid":{"rendered":"https:\/\/megacase.com\/?post_type=product&#038;p=296240"},"modified":"2026-03-26T12:48:00","modified_gmt":"2026-03-26T11:48:00","slug":"heavy-flip-case-tascam-sonicview-24","status":"publish","type":"product","link":"https:\/\/megacase.com\/de\/produkt\/heavy-flip-case-tascam-sonicview-24\/","title":{"rendered":"Heavy Flip Case Tascam Sonicview 24"},"content":{"rendered":"<p>Dieses hochwertige Heavy Flip Case wurde speziell f\u00fcr das Tascam Sonicview 24 Mischpult entwickelt und \u00fcberzeugt durch maximale Stabilit\u00e4t, durchdachte Funktionalit\u00e4t und professionelle Verarbeitung. Ideal f\u00fcr den anspruchsvollen Touring- und Live-Einsatz.<\/p>\n<p>Die integrierten Seitenwangen-Einfassungen gew\u00e4hrleisten einen sicheren Sitz des Mischpults. Dank der verbauten Gasdruckfedern l\u00e4sst sich das Flip-Case komfortabel \u00f6ffnen und schlie\u00dfen. Eine zus\u00e4tzliche Sicherungsschraube sorgt f\u00fcr festen Halt w\u00e4hrend des Transports.<\/p>\n<p>F\u00fcr maximale Flexibilit\u00e4t im Handling ist das Case mit insgesamt acht gro\u00dfen Klappgriffen sowie zwei Kanteneinbaugriffen ausgestattet. Vier 100 mm Lenkrollen, davon zwei gebremst, erm\u00f6glichen einen einfachen und sicheren Transport.<\/p>\n<p>Die durchdachte Konstruktion umfasst zudem Frontf\u00e4cher mit Riegelverschl\u00fcssen sowie ein Dockhouse mit vier Verschl\u00fcssen (davon einer abschlie\u00dfbar) zur sicheren Unterbringung von Zubeh\u00f6r und Verkabelung.<\/p>\n<p>Im Inneren sch\u00fctzt eine passgenaue Schaumstoffpolsterung das Equipment zuverl\u00e4ssig vor Ersch\u00fctterungen und Besch\u00e4digungen. Eine integrierte Tourlabelschale erleichtert die eindeutige Kennzeichnung im Touring-Alltag.<\/p>\n<p>Ausstattung:<br \/>\n9 mm Multiplex Holz schwarz RAL 9004<br \/>\n35&#215;35 mm Aluminiumprofil<br \/>\n4 Butterfly Verschl\u00fcsse gro\u00df<br \/>\n8 Klappgriffe gro\u00df<br \/>\n12 L-Ecken gro\u00df<br \/>\n2 Kanteneinbaugriffe<br \/>\n8 Kugelecken gro\u00df<br \/>\n3 Scharnier schwer 80&#215;120 mm<br \/>\n2 Riegelverschluss (Frontf\u00e4cher)<br \/>\n4 Anschraubscharnier silber<br \/>\n4 Lenkrollen 100 mm, davon sind 2 gebremst<br \/>\n1 Tourlabelschale<br \/>\nSicherungsschraube<br \/>\n2 Gasdruckfedern<br \/>\n4 Dockhouseverschl\u00fcsse davon ist einer abschlie\u00dfbar<br \/>\nSchaumstoffpolsterung<\/p>\n<p>** Hinweis: abgebildete Ger\u00e4te dienen nur der Veranschaulichung und sind KEIN Bestandteil des Angebotes.<\/p>\n<p>Hergestellt in Deutschland<br \/>\nAu\u00dfenma\u00dfe: BxTxH 915 x 545 1045 mm<br \/>\nGewicht: ca. 71,1 kg<\/p>\n","protected":false},"excerpt":{"rendered":"<p>Dieses hochwertige Heavy Flip Case wurde speziell f\u00fcr das Tascam Sonicview 24 Mischpult entwickelt und \u00fcberzeugt durch maximale Stabilit\u00e4t, durchdachte<\/p>\n","protected":false},"featured_media":296293,"template":"","meta":{"_acf_changed":false},"product_brand":[],"product_cat":[13495],"product_tag":[],"class_list":{"0":"post-296240","1":"product","2":"type-product","3":"status-publish","4":"has-post-thumbnail","6":"product_cat-mischpult-cases","8":"first","9":"instock","10":"taxable","11":"shipping-taxable","12":"purchasable","13":"product-type-simple"},"acf":[],"_links":{"self":[{"href":"https:\/\/megacase.com\/de\/wp-json\/wp\/v2\/product\/296240","targetHints":{"allow":["GET"]}}],"collection":[{"href":"https:\/\/megacase.com\/de\/wp-json\/wp\/v2\/product"}],"about":[{"href":"https:\/\/megacase.com\/de\/wp-json\/wp\/v2\/types\/product"}],"wp:featuredmedia":[{"embeddable":true,"href":"https:\/\/megacase.com\/de\/wp-json\/wp\/v2\/media\/296293"}],"wp:attachment":[{"href":"https:\/\/megacase.com\/de\/wp-json\/wp\/v2\/media?parent=296240"}],"wp:term":[{"taxonomy":"product_brand","embeddable":true,"href":"https:\/\/megacase.com\/de\/wp-json\/wp\/v2\/product_brand?post=296240"},{"taxonomy":"product_cat","embeddable":true,"href":"https:\/\/megacase.com\/de\/wp-json\/wp\/v2\/product_cat?post=296240"},{"taxonomy":"product_tag","embeddable":true,"href":"https:\/\/megacase.com\/de\/wp-json\/wp\/v2\/product_tag?post=296240"}],"curies":[{"name":"wp","href":"https:\/\/api.w.org\/{rel}","templated":true}]}}