{"id":295917,"date":"2026-03-26T11:30:40","date_gmt":"2026-03-26T10:30:40","guid":{"rendered":"https:\/\/megacase.com\/?post_type=product&#038;p=295917"},"modified":"2026-03-27T11:35:23","modified_gmt":"2026-03-27T10:35:23","slug":"flip-case-heavy-hub-lift-fuer-yamaha-dm7-extension","status":"publish","type":"product","link":"https:\/\/megacase.com\/de\/produkt\/flip-case-heavy-hub-lift-fuer-yamaha-dm7-extension\/","title":{"rendered":"Flip Case Heavy Hub-Lift f\u00fcr Yamaha DM7 + Extension"},"content":{"rendered":"<p>Robustes und durchdachtes Flightcase f\u00fcr das Yamaha DM7 Mischpult inklusive Extension \u2013 ideal f\u00fcr den professionellen Touring- und Eventeinsatz. Das Case aus 9 mm schwarzem Multiplex-Holz \u00fcberzeugt durch hohe Stabilit\u00e4t, komfortable Handhabung und eine integrierte, elektrisch h\u00f6henverstellbare Hub-Lift-Funktion.<\/p>\n<p>Die abnehmbare Mischpultwanne erm\u00f6glicht einen schnellen und einfachen Zugriff. Die Bedienh\u00f6he l\u00e4sst sich mittels integrierter Hubs\u00e4ule flexibel von ca. 848 mm bis maximal 1198 mm elektrisch anpassen und sorgt so f\u00fcr ergonomisches Arbeiten in jeder Umgebung.<\/p>\n<p>Hinter dem Mischpult befindet sich ein 20 cm tiefes Dockhouse, das zus\u00e4tzlichen Platz f\u00fcr Verkabelung und Zubeh\u00f6r bietet. 2 Adapter Monitorhalter f\u00fcr Notebookarm (300 mm L\u00e4nge) sind bereits montiert. F\u00fcr eine optimale Bel\u00fcftung sind in der senkrechten Dockhouseklappe zwei leise 12V PWM-L\u00fcfter (120 mm, 18,9 dB) integriert.<\/p>\n<p>Ein praktischer Tastaturauszug (60 x 25 cm) unterhalb des Mischpults sowie eine durchdachte Facheinteilung im Korpus bieten Platz f\u00fcr zwei hochkant positionierte Monitore und weiteres Zubeh\u00f6r.<\/p>\n<p>F\u00fcr maximale Mobilit\u00e4t sorgen vier 100 mm Lenkrollen, davon zwei mit Feststellbremse. Mehrere Klapp- und Einbaugriffe gew\u00e4hrleisten ein komfortables Handling im t\u00e4glichen Einsatz.<\/p>\n<p>Ausstattung:<br \/>\n9 mm Multiplex schwarz RAL 9004<br \/>\n35&#215;35 mm Aluminiumprofile<br \/>\n12 L-Ecken gro\u00df gekr\u00f6pft<br \/>\n6 Butterfly Verschl\u00fcsse gro\u00df<br \/>\n8 Klappgriffe gro\u00df<br \/>\n2 Kanteneinbaugriffe<br \/>\n1 Tourlabelschale<br \/>\n8 Kugelecken gro\u00df<br \/>\n4 Lenkrollen 100 mm, davon 2 gebremst<br \/>\nSchaumstoffpolsterung<\/p>\n<p>** Hinweis: abgebildete Ger\u00e4te dienen nur der Veranschaulichung und sind KEIN Bestandteil des Angebotes.<\/p>\n<p>Hergestellt in Deutschland<br \/>\nAu\u00dfenma\u00dfe BxTxH ca. 1365x613x983mm<br \/>\nGewicht ca. 140 Kg<\/p>\n","protected":false},"excerpt":{"rendered":"<p>Robustes und durchdachtes Flightcase f\u00fcr das Yamaha DM7 Mischpult inklusive Extension \u2013 ideal f\u00fcr den professionellen Touring- und Eventeinsatz. Das<\/p>\n","protected":false},"featured_media":295968,"template":"","meta":{"_acf_changed":false},"product_brand":[],"product_cat":[13495],"product_tag":[],"class_list":{"0":"post-295917","1":"product","2":"type-product","3":"status-publish","4":"has-post-thumbnail","6":"product_cat-mischpult-cases","8":"first","9":"instock","10":"taxable","11":"shipping-taxable","12":"purchasable","13":"product-type-simple"},"acf":[],"_links":{"self":[{"href":"https:\/\/megacase.com\/de\/wp-json\/wp\/v2\/product\/295917","targetHints":{"allow":["GET"]}}],"collection":[{"href":"https:\/\/megacase.com\/de\/wp-json\/wp\/v2\/product"}],"about":[{"href":"https:\/\/megacase.com\/de\/wp-json\/wp\/v2\/types\/product"}],"wp:featuredmedia":[{"embeddable":true,"href":"https:\/\/megacase.com\/de\/wp-json\/wp\/v2\/media\/295968"}],"wp:attachment":[{"href":"https:\/\/megacase.com\/de\/wp-json\/wp\/v2\/media?parent=295917"}],"wp:term":[{"taxonomy":"product_brand","embeddable":true,"href":"https:\/\/megacase.com\/de\/wp-json\/wp\/v2\/product_brand?post=295917"},{"taxonomy":"product_cat","embeddable":true,"href":"https:\/\/megacase.com\/de\/wp-json\/wp\/v2\/product_cat?post=295917"},{"taxonomy":"product_tag","embeddable":true,"href":"https:\/\/megacase.com\/de\/wp-json\/wp\/v2\/product_tag?post=295917"}],"curies":[{"name":"wp","href":"https:\/\/api.w.org\/{rel}","templated":true}]}}