{"id":295590,"date":"2026-03-25T08:43:05","date_gmt":"2026-03-25T07:43:05","guid":{"rendered":"https:\/\/megacase.com\/?post_type=product&#038;p=295590"},"modified":"2026-03-25T14:37:20","modified_gmt":"2026-03-25T13:37:20","slug":"zubehoerbox-rako-euronorm-e2-600-x-400-x-145-mm","status":"publish","type":"product","link":"https:\/\/megacase.com\/de\/produkt\/zubehoerbox-rako-euronorm-e2-600-x-400-x-145-mm\/","title":{"rendered":"Zubeh\u00f6rbox Rako Euronorm E2 (600 \u00d7 400 \u00d7 145 mm)"},"content":{"rendered":"<p>Robuste und stapelbare Zubeh\u00f6rbox im Euronorm-Format, ideal zur \u00fcbersichtlichen Aufbewahrung und zum sicheren Transport von Equipment und Kleinteilen.<\/p>\n<p>Technische Daten:<br \/>\nAu\u00dfenma\u00dfe: 600 \u00d7 400 \u00d7 145 mm<br \/>\nVolumen: 26 Liter<br \/>\nGewicht: 1,8 kg<br \/>\nFarbe: Grau<\/p>\n<p>Ausf\u00fchrung:<br \/>\nGeschlossene Seitenw\u00e4nde f\u00fcr optimalen Schutz des Inhalts<br \/>\nGeschlossener Boden f\u00fcr hohe Stabilit\u00e4t und sichere Beladung<br \/>\n2 integrierte Muschelgriffe f\u00fcr komfortables Handling<\/p>\n","protected":false},"excerpt":{"rendered":"<p>Robuste und stapelbare Zubeh\u00f6rbox im Euronorm-Format, ideal zur \u00fcbersichtlichen Aufbewahrung und zum sicheren Transport von Equipment und Kleinteilen. Technische Daten:<\/p>\n","protected":false},"featured_media":295591,"template":"","meta":{"_acf_changed":false},"product_brand":[],"product_cat":[16313],"product_tag":[],"class_list":{"0":"post-295590","1":"product","2":"type-product","3":"status-publish","4":"has-post-thumbnail","6":"product_cat-zubehoer-bauteile","8":"first","9":"instock","10":"taxable","11":"shipping-taxable","12":"purchasable","13":"product-type-simple"},"acf":[],"_links":{"self":[{"href":"https:\/\/megacase.com\/de\/wp-json\/wp\/v2\/product\/295590","targetHints":{"allow":["GET"]}}],"collection":[{"href":"https:\/\/megacase.com\/de\/wp-json\/wp\/v2\/product"}],"about":[{"href":"https:\/\/megacase.com\/de\/wp-json\/wp\/v2\/types\/product"}],"wp:featuredmedia":[{"embeddable":true,"href":"https:\/\/megacase.com\/de\/wp-json\/wp\/v2\/media\/295591"}],"wp:attachment":[{"href":"https:\/\/megacase.com\/de\/wp-json\/wp\/v2\/media?parent=295590"}],"wp:term":[{"taxonomy":"product_brand","embeddable":true,"href":"https:\/\/megacase.com\/de\/wp-json\/wp\/v2\/product_brand?post=295590"},{"taxonomy":"product_cat","embeddable":true,"href":"https:\/\/megacase.com\/de\/wp-json\/wp\/v2\/product_cat?post=295590"},{"taxonomy":"product_tag","embeddable":true,"href":"https:\/\/megacase.com\/de\/wp-json\/wp\/v2\/product_tag?post=295590"}],"curies":[{"name":"wp","href":"https:\/\/api.w.org\/{rel}","templated":true}]}}