{"id":295517,"date":"2026-03-25T07:53:24","date_gmt":"2026-03-25T06:53:24","guid":{"rendered":"https:\/\/megacase.com\/?post_type=product&#038;p=295517"},"modified":"2026-03-26T11:52:42","modified_gmt":"2026-03-26T10:52:42","slug":"flip-case-mit-hub-lift-fuer-grandma3-light","status":"publish","type":"product","link":"https:\/\/megacase.com\/de\/produkt\/flip-case-mit-hub-lift-fuer-grandma3-light\/","title":{"rendered":"Flip Case mit Hub-Lift f\u00fcr GrandMA3 Light"},"content":{"rendered":"<p>Professionelles Flip Case mit integrierter Hub-Lift-Funktion, passend f\u00fcr ein GrandMA3 Light. Die Mischpultwanne ist mittels Hubs\u00e4ule h\u00f6henverstellbar und f\u00fcr maximale Flexibilit\u00e4t abnehmbar.<\/p>\n<p>Der Deckel ist vorne und oben vollst\u00e4ndig abnehmbar und erm\u00f6glicht einen schnellen sowie komfortablen Zugriff. Im Lieferumfang sind zwei Monitoradapter enthalten. Hinter dem Mischpult befindet sich ein integriertes Dockhouse f\u00fcr optimales Kabelmanagement.<\/p>\n<p>Unterhalb der Mischpultwanne ist ein stabiler Tastaturauszug (58 \u00d7 25 cm) integriert. Der Innenraum verf\u00fcgt \u00fcber eine durchdachte Facheinteilung mit Platz f\u00fcr zwei hochkant stehende Monitore sowie ein separates Fach f\u00fcr Zubeh\u00f6r.<\/p>\n<p>F\u00fcr ein komfortables Handling auf Tour sorgen jeweils zwei gro\u00dfe Klappgriffe pro Seite sowie zwei Kanteneinbaugriffe im Deckel. Der Transport erfolgt \u00fcber vier leichtg\u00e4ngige 100 mm Lenkrollen, von denen zwei gebremst sind.<\/p>\n<p>Ausstattung:<br \/>\n9 mm Multiplex schwarz RAL 9004<br \/>\n35&#215;35 mm Aluminiumprofil<br \/>\n10 L-Ecken gro\u00df gestuft<br \/>\n6 Butterfly Verschl\u00fcsse gro\u00df<br \/>\n8 Klappgriffe gro\u00df<br \/>\n2 Kanteneinbaugriffe<br \/>\n1 Tourlabelschale<br \/>\n8 Kugelecken gro\u00df<br \/>\n4 Lenkrollen 100mm, davon 2 gebremst<br \/>\nInnenausbau<br \/>\nSchaumstoffpolsterung<\/p>\n<p>** Hinweis: abgebildete Ger\u00e4te dienen nur der Veranschaulichung und sind KEIN Bestandteil des Angebotes.<\/p>\n<p>Hergestellt in Deutschland<br \/>\nAu\u00dfenma\u00dfe ca. BxTxH 1137x612x970 mm<br \/>\nGewicht ca. 152,1 Kg<\/p>\n","protected":false},"excerpt":{"rendered":"<p>Professionelles Flip Case mit integrierter Hub-Lift-Funktion, passend f\u00fcr ein GrandMA3 Light. Die Mischpultwanne ist mittels Hubs\u00e4ule h\u00f6henverstellbar und f\u00fcr maximale<\/p>\n","protected":false},"featured_media":295526,"template":"","meta":{"_acf_changed":false},"product_brand":[],"product_cat":[13495],"product_tag":[],"class_list":{"0":"post-295517","1":"product","2":"type-product","3":"status-publish","4":"has-post-thumbnail","6":"product_cat-mischpult-cases","8":"first","9":"instock","10":"taxable","11":"shipping-taxable","12":"purchasable","13":"product-type-simple"},"acf":[],"_links":{"self":[{"href":"https:\/\/megacase.com\/de\/wp-json\/wp\/v2\/product\/295517","targetHints":{"allow":["GET"]}}],"collection":[{"href":"https:\/\/megacase.com\/de\/wp-json\/wp\/v2\/product"}],"about":[{"href":"https:\/\/megacase.com\/de\/wp-json\/wp\/v2\/types\/product"}],"wp:featuredmedia":[{"embeddable":true,"href":"https:\/\/megacase.com\/de\/wp-json\/wp\/v2\/media\/295526"}],"wp:attachment":[{"href":"https:\/\/megacase.com\/de\/wp-json\/wp\/v2\/media?parent=295517"}],"wp:term":[{"taxonomy":"product_brand","embeddable":true,"href":"https:\/\/megacase.com\/de\/wp-json\/wp\/v2\/product_brand?post=295517"},{"taxonomy":"product_cat","embeddable":true,"href":"https:\/\/megacase.com\/de\/wp-json\/wp\/v2\/product_cat?post=295517"},{"taxonomy":"product_tag","embeddable":true,"href":"https:\/\/megacase.com\/de\/wp-json\/wp\/v2\/product_tag?post=295517"}],"curies":[{"name":"wp","href":"https:\/\/api.w.org\/{rel}","templated":true}]}}