{"id":295464,"date":"2026-03-25T07:19:22","date_gmt":"2026-03-25T06:19:22","guid":{"rendered":"https:\/\/megacase.com\/?post_type=product&#038;p=295464"},"modified":"2026-03-26T07:04:24","modified_gmt":"2026-03-26T06:04:24","slug":"profi-schrank-case-2x13-zubehoerboxen-600x400x120","status":"publish","type":"product","link":"https:\/\/megacase.com\/de\/produkt\/profi-schrank-case-2x13-zubehoerboxen-600x400x120\/","title":{"rendered":"Profi Schrank-Case 2&#215;13 Zubeh\u00f6rboxen 600x400x120"},"content":{"rendered":"<p>Dieses hochwertige Profi Schrank-Case wurde f\u00fcr maximale Effizienz und Mobilit\u00e4t im professionellen Einsatz entwickelt. Dank der durchdachten Bauweise k\u00f6nnen beidseitig jeweils 13 Euro-Beh\u00e4lter aufgenommen werden \u2013 insgesamt also Platz f\u00fcr 26 Zubeh\u00f6rboxen.<\/p>\n<p>Das Case steht auf 8 stabilen 100 mm Lenkrollen, davon 4 gebremst, und l\u00e4sst sich dadurch leicht bewegen und sicher fixieren. S\u00e4mtliche Anbauteile sind in Schwarz gehalten und sorgen f\u00fcr eine einheitliche, professionelle Optik. F\u00fcr komfortables Handling ist das Case mit 10 Klappgriffen (medium, schwarz eloxiert) ausgestattet. Zus\u00e4tzlich sorgen 6 Butterfly-Verschl\u00fcsse (medium, schwarz eloxiert) f\u00fcr einen sicheren Verschluss auch bei anspruchsvollen Transportbedingungen.<\/p>\n<p>Die Rako Euro-Beh\u00e4lter (Au\u00dfenma\u00df 600 x 400 x 120 mm) werden auf robusten 3 mm Aluminiumkanten gef\u00fchrt und lassen sich dadurch komfortabel ein- und ausschieben \u2013 ideal f\u00fcr schnellen Zugriff im Arbeitsalltag.<\/p>\n<p>Ausstattung:<br \/>\n9 mm Birkenmultiplex PVC beschichtet<br \/>\n&#8211; Farbe aus unserer Farbkarte frei w\u00e4hlbar<br \/>\n30 x 30 mm Aluminiumprofil schwarz eloxiert<br \/>\n9 mm Schlie\u00dfprofil Hybrid schwarz eloxiert<br \/>\n6 Butterfly-Verschl\u00fcsse mittel schwarz eloxiert<br \/>\n10 Klappgriffe medium schwarz eloxiert<br \/>\n8 Kugelecken gro\u00df gestuft schwarz eloxiert<br \/>\n26 Rako Beh\u00e4lter 600 x 400 x 120 mm (ZUB3566)<br \/>\n8 Lenkrollen schwarz, davon 4 gebremst <\/p>\n<p>Hergestellt in Deutschland<br \/>\nAu\u00dfenma\u00dfe:BxTxH 849 x 662 x 1852 mm<br \/>\nGewicht ca. 83,9 kg \/ inkl. Wannen 117,7 kg<\/p>\n","protected":false},"excerpt":{"rendered":"<p>Dieses hochwertige Profi Schrank-Case wurde f\u00fcr maximale Effizienz und Mobilit\u00e4t im professionellen Einsatz entwickelt. Dank der durchdachten Bauweise k\u00f6nnen beidseitig<\/p>\n","protected":false},"featured_media":295485,"template":"","meta":{"_acf_changed":false},"product_brand":[],"product_cat":[13512],"product_tag":[],"class_list":{"0":"post-295464","1":"product","2":"type-product","3":"status-publish","4":"has-post-thumbnail","6":"product_cat-case-zubehoer","8":"first","9":"instock","10":"taxable","11":"shipping-taxable","12":"purchasable","13":"product-type-simple"},"acf":[],"_links":{"self":[{"href":"https:\/\/megacase.com\/de\/wp-json\/wp\/v2\/product\/295464","targetHints":{"allow":["GET"]}}],"collection":[{"href":"https:\/\/megacase.com\/de\/wp-json\/wp\/v2\/product"}],"about":[{"href":"https:\/\/megacase.com\/de\/wp-json\/wp\/v2\/types\/product"}],"wp:featuredmedia":[{"embeddable":true,"href":"https:\/\/megacase.com\/de\/wp-json\/wp\/v2\/media\/295485"}],"wp:attachment":[{"href":"https:\/\/megacase.com\/de\/wp-json\/wp\/v2\/media?parent=295464"}],"wp:term":[{"taxonomy":"product_brand","embeddable":true,"href":"https:\/\/megacase.com\/de\/wp-json\/wp\/v2\/product_brand?post=295464"},{"taxonomy":"product_cat","embeddable":true,"href":"https:\/\/megacase.com\/de\/wp-json\/wp\/v2\/product_cat?post=295464"},{"taxonomy":"product_tag","embeddable":true,"href":"https:\/\/megacase.com\/de\/wp-json\/wp\/v2\/product_tag?post=295464"}],"curies":[{"name":"wp","href":"https:\/\/api.w.org\/{rel}","templated":true}]}}