{"id":295277,"date":"2026-03-24T11:53:04","date_gmt":"2026-03-24T10:53:04","guid":{"rendered":"https:\/\/megacase.com\/?post_type=product&#038;p=295277"},"modified":"2026-03-25T14:37:21","modified_gmt":"2026-03-25T13:37:21","slug":"14he-profi-doppel-19zoll-rack-50-mit-it-rackschienen","status":"publish","type":"product","link":"https:\/\/megacase.com\/de\/produkt\/14he-profi-doppel-19zoll-rack-50-mit-it-rackschienen\/","title":{"rendered":"14HE Profi Doppel-19Zoll-Rack 50 mit IT-Rackschienen"},"content":{"rendered":"<p>Dieses hochwertige 14HE Doppel-19Zoll-Rack \u00fcberzeugt durch seine stabile Bauweise und praxisorientierte Ausstattung.<br \/>\nMit einer Einbautiefe von 500 mm und einer Korpustiefe von 595 mm bietet das Rack ausreichend Platz f\u00fcr verschiedenste Ger\u00e4te.<br \/>\nBesonderes Highlight sind die Frontt\u00fcren aus Plexiglas, sie erm\u00f6glichen jederzeit den direkten Blick auf das verbaute Equipment.<\/p>\n<p>Seitlich integrierte Klappgriffe sorgen f\u00fcr ein einfaches Handling. F\u00fcr eine optimale Bel\u00fcftung sind links und rechts L\u00fcftungsschalen verbaut.<br \/>\nAuf der R\u00fcckseite befinden sich zwei gro\u00dfe Servicet\u00fcren sowie ein praktischer Kabelauslass f\u00fcr sauberes Kabelmanagement.<\/p>\n<p>Die doppelt gestanzten IT-Rackschienen vorne und hinten sind mit K\u00e4figmuttern ausgestattet und erm\u00f6glichen eine flexible Montage der Ger\u00e4te.<br \/>\nDank der 4 stabilen 100 mm Lenkrollen &#8211; davon 2 gebremst &#8211; ist das Rack mobil und gleichzeitig sicher positionierbar.<\/p>\n<p>Ausstattung:<br \/>\n9 mm Multiplex Phenol braun<br \/>\n30&#215;30 mm Aluminiumprofil<br \/>\n4 L-Ecke medium<br \/>\n4 L-Scharnier gro\u00df<br \/>\n2 Klappgriff medium<br \/>\n6 Butterfly mittel<br \/>\n2 6-Loch Scharnier<br \/>\n8 Kugelecken gro\u00df<br \/>\n2 L\u00fcftungsschalen<br \/>\nIT Rackschienen vorne und hinten<br \/>\n4 100mm Lenkrolle, davon 2 gebremst<\/p>\n<p>Hergestellt in Deutschland<br \/>\nAu\u00dfenma\u00dfe ca. BxTxH 1050x695x815mm<br \/>\nGewicht ca.  50 Kg<\/p>\n","protected":false},"excerpt":{"rendered":"<p>Dieses hochwertige 14HE Doppel-19Zoll-Rack \u00fcberzeugt durch seine stabile Bauweise und praxisorientierte Ausstattung. Mit einer Einbautiefe von 500 mm und einer<\/p>\n","protected":false},"featured_media":295298,"template":"","meta":{"_acf_changed":false},"product_brand":[],"product_cat":[13510],"product_tag":[],"class_list":{"0":"post-295277","1":"product","2":"type-product","3":"status-publish","4":"has-post-thumbnail","6":"product_cat-racks","8":"first","9":"instock","10":"taxable","11":"shipping-taxable","12":"purchasable","13":"product-type-simple"},"acf":[],"_links":{"self":[{"href":"https:\/\/megacase.com\/de\/wp-json\/wp\/v2\/product\/295277","targetHints":{"allow":["GET"]}}],"collection":[{"href":"https:\/\/megacase.com\/de\/wp-json\/wp\/v2\/product"}],"about":[{"href":"https:\/\/megacase.com\/de\/wp-json\/wp\/v2\/types\/product"}],"wp:featuredmedia":[{"embeddable":true,"href":"https:\/\/megacase.com\/de\/wp-json\/wp\/v2\/media\/295298"}],"wp:attachment":[{"href":"https:\/\/megacase.com\/de\/wp-json\/wp\/v2\/media?parent=295277"}],"wp:term":[{"taxonomy":"product_brand","embeddable":true,"href":"https:\/\/megacase.com\/de\/wp-json\/wp\/v2\/product_brand?post=295277"},{"taxonomy":"product_cat","embeddable":true,"href":"https:\/\/megacase.com\/de\/wp-json\/wp\/v2\/product_cat?post=295277"},{"taxonomy":"product_tag","embeddable":true,"href":"https:\/\/megacase.com\/de\/wp-json\/wp\/v2\/product_tag?post=295277"}],"curies":[{"name":"wp","href":"https:\/\/api.w.org\/{rel}","templated":true}]}}