{"id":295152,"date":"2026-03-19T14:42:56","date_gmt":"2026-03-19T13:42:56","guid":{"rendered":"https:\/\/megacase.com\/?post_type=product&#038;p=295152"},"modified":"2026-03-25T14:37:21","modified_gmt":"2026-03-25T13:37:21","slug":"pedalcase-g66-eu-fractal-vp4-am4-2x-ev-2","status":"publish","type":"product","link":"https:\/\/megacase.com\/de\/produkt\/pedalcase-g66-eu-fractal-vp4-am4-2x-ev-2\/","title":{"rendered":"Pedalcase G66.eu Fractal VP4 \/ AM4 + 2x EV-2"},"content":{"rendered":"<p>Pedal Case G66.eu \u2013 konzipiert f\u00fcr ein Fractal VP4 oder Fractal AM4 mit zwei EV-2 Expression Pedalen. Ein ausreichender Platz hinter dem Pedalboard sorgt f\u00fcr ordentliches Kabelmanagement. Die Ger\u00e4te im Unterteil bleiben jederzeit zug\u00e4nglich und bedienbar. Befestigungsschrauben sind im Lieferumfang enthalten \u2013 abgerundet durch einen Logo-Druck G66.eu.<\/p>\n<p>Ausstattung:<br \/>\n6,8 mm Multiplex orange RAL 2008<br \/>\n22\/22 Alukante<br \/>\n4 L-Ecke medium<br \/>\n4 Butterfly mini<br \/>\n1 Ledergriff<br \/>\n4 Kugelecke klein<br \/>\n4 Kugelecke klein L-Ecke<br \/>\n4 Gummifu\u00df 38&#215;10 mm<br \/>\nSchaumstoff<br \/>\nHergestellt in Deutschland<\/p>\n<p>Au\u00dfenma\u00dfe BxTxH 642x380x156 mm<br \/>\nGewicht: 6,9 kg<\/p>\n","protected":false},"excerpt":{"rendered":"<p>Pedal Case G66.eu \u2013 konzipiert f\u00fcr ein Fractal VP4 oder Fractal AM4 mit zwei EV-2 Expression Pedalen. Ein ausreichender Platz<\/p>\n","protected":false},"featured_media":295201,"template":"","meta":{"_acf_changed":false},"product_brand":[],"product_cat":[15823],"product_tag":[],"class_list":{"0":"post-295152","1":"product","2":"type-product","3":"status-publish","4":"has-post-thumbnail","6":"product_cat-pedalcase","8":"first","9":"instock","10":"taxable","11":"shipping-taxable","12":"purchasable","13":"product-type-simple"},"acf":[],"_links":{"self":[{"href":"https:\/\/megacase.com\/de\/wp-json\/wp\/v2\/product\/295152","targetHints":{"allow":["GET"]}}],"collection":[{"href":"https:\/\/megacase.com\/de\/wp-json\/wp\/v2\/product"}],"about":[{"href":"https:\/\/megacase.com\/de\/wp-json\/wp\/v2\/types\/product"}],"wp:featuredmedia":[{"embeddable":true,"href":"https:\/\/megacase.com\/de\/wp-json\/wp\/v2\/media\/295201"}],"wp:attachment":[{"href":"https:\/\/megacase.com\/de\/wp-json\/wp\/v2\/media?parent=295152"}],"wp:term":[{"taxonomy":"product_brand","embeddable":true,"href":"https:\/\/megacase.com\/de\/wp-json\/wp\/v2\/product_brand?post=295152"},{"taxonomy":"product_cat","embeddable":true,"href":"https:\/\/megacase.com\/de\/wp-json\/wp\/v2\/product_cat?post=295152"},{"taxonomy":"product_tag","embeddable":true,"href":"https:\/\/megacase.com\/de\/wp-json\/wp\/v2\/product_tag?post=295152"}],"curies":[{"name":"wp","href":"https:\/\/api.w.org\/{rel}","templated":true}]}}